{"id":76,"date":"2016-11-11T21:26:24","date_gmt":"2016-11-11T21:26:24","guid":{"rendered":"http:\/\/antoine-blouet-psychotherapie.fr\/?page_id=76"},"modified":"2025-09-03T12:45:26","modified_gmt":"2025-09-03T12:45:26","slug":"deontologie","status":"publish","type":"page","link":"https:\/\/antoine-blouet-psychotherapie.fr\/index.php\/deontologie\/","title":{"rendered":"D\u00e9ontologie"},"content":{"rendered":"<div class=\"wp-block-image\">\n<figure class=\"alignleft\"><img loading=\"lazy\" decoding=\"async\" width=\"238\" height=\"300\" src=\"https:\/\/antoine-blouet-psychotherapie.fr\/wp-content\/uploads\/2017\/10\/Deontologie-psy-psychotherapeute-psychotherapie-238x300.png\" alt=\"D\u00e9ontologie des psychoth\u00e9rapeutes\" class=\"wp-image-358\" srcset=\"https:\/\/antoine-blouet-psychotherapie.fr\/wp-content\/uploads\/2017\/10\/Deontologie-psy-psychotherapeute-psychotherapie-238x300.png 238w, https:\/\/antoine-blouet-psychotherapie.fr\/wp-content\/uploads\/2017\/10\/Deontologie-psy-psychotherapeute-psychotherapie.png 507w\" sizes=\"auto, (max-width: 238px) 100vw, 238px\"><\/figure>\n<\/div>\n\n\n<p>La qua\u00adli\u00adt\u00e9 de la rela\u00adtion th\u00e9\u00adra\u00adpeu\u00adtique et la s\u00e9cu\u00adri\u00adt\u00e9 des patients d\u00e9pendent notam\u00adment du res\u00adpect de r\u00e8gles d\u00e9ontologiques.<\/p>\n\n\n\n<p>Je suis signa\u00adtaire du <a href=\"https:\/\/eagt.org\/home\/home\/gt-menu\/what-is-eagt\/codes-of-ethics\/\" target=\"_blank\" rel=\"noreferrer noopener\">Code de d\u00e9on\u00adto\u00adlo\u00adgie de l\u2019EAGT<\/a> (European Association of Gestalt Therapy). En fran\u00ad\u00e7ais, la <a href=\"https:\/\/www.sfg-gestalt.com\/eontologie\/\" target=\"_blank\" rel=\"noreferrer noopener\">Charte d\u00e9on\u00adto\u00adlo\u00adgique de la Soci\u00e9t\u00e9 Fran\u00e7aise de Gestalt<\/a> est \u00e9la\u00adbo\u00adr\u00e9e sur la base des grands prin\u00adcipes du Code de d\u00e9on\u00adto\u00adlo\u00adgie de l\u2019<span class=\"caps\">EAGT<\/span>.<br>J\u2019adh\u00e8re \u00e9ga\u00adle\u00adment au <a href=\"https:\/\/www.ff2p.fr\/wp-content\/uploads\/2021\/11\/DEONTOLOGIE-10-2021-WEB.pdf\" target=\"_blank\" rel=\"noopener\">Code de d\u00e9on\u00adto\u00adlo\u00adgie<\/a> de la F\u00e9d\u00e9ration Fran\u00e7aise de Psychoth\u00e9rapie et Psychanalyse (<span class=\"caps\">FF2P<\/span>).<br>Ces codes de d\u00e9on\u00adto\u00adlo\u00adgie engagent en par\u00adti\u00adcu\u00adlier le th\u00e9\u00adra\u00adpeute signa\u00adtaire \u00e0&nbsp;:<br>- Respecter et favo\u00adri\u00adser l\u2019autonomie de la per\u00adsonne qui consulte.<br>- Respecter l\u2019anonymat et la confi\u00adden\u00adtia\u00adli\u00adt\u00e9 des pro\u00adpos \u00e9chan\u00adg\u00e9s.<br>- D\u00e9velopper ses com\u00adp\u00e9\u00adtences, gr\u00e2ce \u00e0 la for\u00adma\u00adtion ini\u00adtiale bien enten\u00addu (notam\u00adment en psy\u00adcho\u00adpa\u00adtho\u00adlo\u00adgie), mais aus\u00adsi en sui\u00advant une th\u00e9\u00adra\u00adpie per\u00adson\u00adnelle appro\u00adfon\u00addie, en \u00e9tant sui\u00advi dans sa pra\u00adtique pro\u00adfes\u00adsion\u00adnelle (super\u00advi\u00adsion) et en se for\u00admant en conti\u00adnu tout au long de son exer\u00adcice pro\u00adfes\u00adsion\u00adnel.<br>- Travailler en r\u00e9seau afin d\u2019orienter les per\u00adsonnes qui pour\u00adraient avoir besoin d\u2019un sui\u00advi m\u00e9dical.<\/p>\n\n\n\n<p>Ma pra\u00adtique pro\u00adfes\u00adsion\u00adnelle s\u2019inscrit dans le cadre du res\u00adpect de la Charte natio\u00adnale pour les per\u00adsonnes en psychoth\u00e9rapie&nbsp;:<br><a name=\"ancrecharte\"><\/a><\/p>\n\n\n\n<h2 class=\"wp-block-heading\"><span class=\"caps\">CHARTE<\/span> <span class=\"caps\">NATIONALE<\/span> <span class=\"caps\">POUR<\/span><br><span class=\"caps\">LES<\/span> <span class=\"caps\">PERSONNES<\/span> <span class=\"caps\">EN<\/span> <span class=\"caps\">PSYCHOTH\u00c9RAPIE<\/span><\/h2>\n\n\n\n<p><strong>1 \u2013 Droit \u00e0 la digni\u00adt\u00e9 et au res\u00adpect<\/strong><br>Quelle que soit sa demande ou son \u00e9tat psy\u00adchique, la per\u00adsonne en psy\u00adcho\u00adth\u00e9\u00adra\u00adpie a droit au res\u00adpect, \u00e0 la digni\u00adt\u00e9 et \u00e0 l\u2019int\u00e9grit\u00e9 de sa per\u00adsonne phy\u00adsique et men\u00adtale, sans dis\u00adcri\u00admi\u00adna\u00adtion d\u2019aucune sorte.<\/p>\n\n\n\n<p><strong>2 \u2013 Droit au libre choix<\/strong><br>La per\u00adsonne en psy\u00adcho\u00adth\u00e9\u00adra\u00adpie a le droit de choi\u00adsir libre\u00adment sa m\u00e9thode et son psy\u00adcho\u00adth\u00e9\u00adra\u00adpeute et de modi\u00adfier ce choix, si elle l\u2019estime n\u00e9cessaire.<\/p>\n\n\n\n<p><strong>3 \u2013 Droit \u00e0 l\u2019information<\/strong><br>La per\u00adsonne en psy\u00adcho\u00adth\u00e9\u00adra\u00adpie a le droit de conna\u00eetre la (ou les) m\u00e9thode(s) employ\u00e9e(s) par le psy\u00adcho\u00adth\u00e9\u00adra\u00adpeute, ain\u00adsi que sa qua\u00adli\u00adfi\u00adca\u00adtion, sa for\u00adma\u00adtion et son affi\u00adlia\u00adtion professionnelle.<\/p>\n\n\n\n<p><strong>4 \u2013 Conditions de la th\u00e9\u00adra\u00adpie<\/strong><br>Les condi\u00adtions de la th\u00e9\u00adra\u00adpie doivent \u00eatre pr\u00e9\u00adci\u00ads\u00e9es avant tout enga\u00adge\u00adment&nbsp;: les moda\u00adli\u00adt\u00e9s (ver\u00adbale, \u00e9mo\u00adtion\u00adnelle, cor\u00adpo\u00adrelle\u2026), la dur\u00e9e et la fr\u00e9\u00adquence des s\u00e9ances, la dur\u00e9e pr\u00e9\u00adsu\u00adm\u00e9e du trai\u00adte\u00adment et ses condi\u00adtions de pro\u00adlon\u00adga\u00adtion ou d\u2019arr\u00eat, le co\u00fbt finan\u00adcier (hono\u00adraires, prise en charge \u00e9ven\u00adtuelle, condi\u00adtions d\u2019assurance, r\u00e8gle\u00adment des s\u00e9ances manqu\u00e9es).<\/p>\n\n\n\n<p><strong>5 \u2013 Droit \u00e0 la confi\u00adden\u00adtia\u00adli\u00adt\u00e9<\/strong><br>Le psy\u00adcho\u00adth\u00e9\u00adra\u00adpeute doit s\u2019engager, aupr\u00e8s de la per\u00adsonne en th\u00e9\u00adra\u00adpie, au secret pro\u00adfes\u00adsion\u00adnel abso\u00adlu concer\u00adnant tout ce qui lui est confi\u00e9 au cours de la th\u00e9\u00adra\u00adpie. Cette confi\u00adden\u00adtia\u00adli\u00adt\u00e9 est une condi\u00adtion indis\u00adpen\u00adsable \u00e0 la rela\u00adtion th\u00e9\u00adra\u00adpeu\u00adtique.<br>Elle est limi\u00adt\u00e9e par les dis\u00adpo\u00adsi\u00adtions l\u00e9gales en vigueur.<\/p>\n\n\n\n<p><strong>6 \u2013 Engagement d\u00e9on\u00adto\u00adlo\u00adgique du psy\u00adcho\u00adth\u00e9\u00adra\u00adpeute<\/strong><br>Le pra\u00adti\u00adcien est tenu de res\u00adpec\u00adter le code de d\u00e9on\u00adto\u00adlo\u00adgie de son orga\u00adnisme pro\u00adfes\u00adsion\u00adnel de r\u00e9f\u00e9\u00adrence. Ce code est com\u00admu\u00adni\u00adqu\u00e9 sur simple demande.<br>Le psy\u00adcho\u00adth\u00e9\u00adra\u00adpeute est dans l\u2019obligation d\u2019assumer ses res\u00adpon\u00adsa\u00adbi\u00adli\u00adt\u00e9s&nbsp;: il doit s\u2019engager \u00e0 ne pas uti\u00adli\u00adser la confiance \u00e9ta\u00adblie \u00e0 des fins de mani\u00adpu\u00adla\u00adtion poli\u00adtique, sec\u00adtaire ou per\u00adson\u00adnelle (d\u00e9pen\u00addance \u00e9mo\u00adtion\u00adnelle, int\u00e9\u00adr\u00eats \u00e9co\u00adno\u00admiques, rela\u00adtions sexuelles\u2026).<\/p>\n\n\n\n<p><strong>7 \u2013 Proc\u00e9dure de dol\u00e9ance<\/strong><br>En cas de plainte ou de r\u00e9cla\u00adma\u00adtion, la per\u00adsonne en psy\u00adcho\u00adth\u00e9\u00adra\u00adpie peut s\u2019adresser \u00e0 des orga\u00adnismes pro\u00adfes\u00adsion\u00adnels de recours ou \u00e0 la Justice.<\/p>\n\n\n\n<hr class=\"wp-block-separator has-alpha-channel-opacity\">\n\n\n\n<p><em>Les termes de cette Charte ont \u00e9t\u00e9 adop\u00adt\u00e9s le 14 juillet 2002, \u00e0 Vienne (Autriche), par le troi\u00adsi\u00e8me Congr\u00e8s mon\u00addial de Psychoth\u00e9rapie (World Council for Psychotherapy) qui a r\u00e9uni 4&nbsp;000 psy\u00adcho\u00adth\u00e9\u00adra\u00adpeutes de 80 pays de tous les conti\u00adnents.<\/em><br><em>Cette Charte a \u00e9t\u00e9 sign\u00e9e le 22 mars 2005 par les repr\u00e9\u00adsen\u00adtants des orga\u00adnismes fran\u00ad\u00e7ais sui\u00advants&nbsp;:<\/em><br><em>\u2022 <span class=\"caps\">FF2P<\/span>&nbsp;: F\u00e9d\u00e9ration Fran\u00e7aise de Psychoth\u00e9rapie et de Psychanalyse<\/em><br><em>\u2022 FNAPPSy&nbsp;: F\u00e9d\u00e9ration Nationale des Associations de Patients et ex-Patients \u00ab&nbsp;Psy&nbsp;\u00bb<\/em><br><em>\u2022 <span class=\"caps\">AUP<\/span>&nbsp;: Assistance Usagers Psy.<\/em><\/p>\n","protected":false},"excerpt":{"rendered":"<p>La qua\u00adli\u00adt\u00e9 de la rela\u00adtion th\u00e9\u00adra\u00adpeu\u00adtique et la s\u00e9cu\u00adri\u00adt\u00e9 des patients d\u00e9pendent notam\u00adment du res\u00adpect de r\u00e8gles d\u00e9on\u00adto\u00adlo\u00adgiques. Je suis signa\u00adtaire du Code de d\u00e9on\u00adto\u00adlo\u00adgie de l\u2019<span class=\"caps\">EAGT<\/span> (European Association of Gestalt Therapy). En fran\u00ad\u00e7ais, la Charte d\u00e9on\u00adto\u00adlo\u00adgique de la Soci\u00e9t\u00e9 Fran\u00e7aise de Gestalt est \u00e9la\u00adbo\u00adr\u00e9e sur la base des grands prin\u00adcipes du Code de d\u00e9on\u00adto\u00adlo\u00adgie \u2026 <a href=\"https:\/\/antoine-blouet-psychotherapie.fr\/index.php\/deontologie\/\" class=\"more-link\">Continuer la lec\u00adture de <span class=\"screen-reader-text\">D\u00e9ontologie<\/span><\/a><\/p>\n","protected":false},"author":1,"featured_media":0,"parent":0,"menu_order":0,"comment_status":"closed","ping_status":"closed","template":"","meta":{"wp_typography_post_enhancements_disabled":false,"footnotes":""},"class_list":["post-76","page","type-page","status-publish","hentry"],"yoast_head":"<!-- This site is optimized with the Yoast SEO plugin v27.4 - https:\/\/yoast.com\/product\/yoast-seo-wordpress\/ -->\n<title>D\u00e9ontologie - Antoine Blouet Psychoth\u00e9rapie<\/title>\n<meta name=\"description\" content=\"Mes engagements d\u00e9ontologiques au service de la qualit\u00e9 de la relation th\u00e9rapeutique.\" \/>\n<meta name=\"robots\" content=\"index, follow, max-snippet:-1, max-image-preview:large, max-video-preview:-1\" \/>\n<link rel=\"canonical\" href=\"https:\/\/antoine-blouet-psychotherapie.fr\/index.php\/deontologie\/\" \/>\n<meta property=\"og:locale\" content=\"fr_FR\" \/>\n<meta property=\"og:type\" content=\"article\" \/>\n<meta property=\"og:title\" content=\"D\u00e9ontologie - Antoine Blouet Psychoth\u00e9rapie\" \/>\n<meta property=\"og:description\" content=\"Mes engagements d\u00e9ontologiques au service de la qualit\u00e9 de la relation th\u00e9rapeutique.\" \/>\n<meta property=\"og:url\" content=\"https:\/\/antoine-blouet-psychotherapie.fr\/index.php\/deontologie\/\" \/>\n<meta property=\"og:site_name\" content=\"Antoine Blouet Psychoth\u00e9rapie\" \/>\n<meta property=\"article:modified_time\" content=\"2025-09-03T12:45:26+00:00\" \/>\n<meta property=\"og:image\" content=\"https:\/\/antoine-blouet-psychotherapie.fr\/wp-content\/uploads\/2017\/10\/Deontologie-psy-psychotherapeute-psychotherapie.png\" \/>\n\t<meta property=\"og:image:width\" content=\"507\" \/>\n\t<meta property=\"og:image:height\" content=\"640\" \/>\n\t<meta property=\"og:image:type\" content=\"image\/png\" \/>\n<meta name=\"twitter:card\" content=\"summary_large_image\" \/>\n<meta name=\"twitter:label1\" content=\"Dur\u00e9e de lecture estim\u00e9e\" \/>\n\t<meta name=\"twitter:data1\" content=\"4 minutes\" \/>\n<script type=\"application\/ld+json\" class=\"yoast-schema-graph\">{\"@context\":\"https:\\\/\\\/schema.org\",\"@graph\":[{\"@type\":\"WebPage\",\"@id\":\"https:\\\/\\\/antoine-blouet-psychotherapie.fr\\\/index.php\\\/deontologie\\\/\",\"url\":\"https:\\\/\\\/antoine-blouet-psychotherapie.fr\\\/index.php\\\/deontologie\\\/\",\"name\":\"D\u00e9ontologie - Antoine Blouet Psychoth\u00e9rapie\",\"isPartOf\":{\"@id\":\"https:\\\/\\\/antoine-blouet-psychotherapie.fr\\\/#website\"},\"primaryImageOfPage\":{\"@id\":\"https:\\\/\\\/antoine-blouet-psychotherapie.fr\\\/index.php\\\/deontologie\\\/#primaryimage\"},\"image\":{\"@id\":\"https:\\\/\\\/antoine-blouet-psychotherapie.fr\\\/index.php\\\/deontologie\\\/#primaryimage\"},\"thumbnailUrl\":\"https:\\\/\\\/antoine-blouet-psychotherapie.fr\\\/wp-content\\\/uploads\\\/2017\\\/10\\\/Deontologie-psy-psychotherapeute-psychotherapie-238x300.png\",\"datePublished\":\"2016-11-11T21:26:24+00:00\",\"dateModified\":\"2025-09-03T12:45:26+00:00\",\"description\":\"Mes engagements d\u00e9ontologiques au service de la qualit\u00e9 de la relation th\u00e9rapeutique.\",\"breadcrumb\":{\"@id\":\"https:\\\/\\\/antoine-blouet-psychotherapie.fr\\\/index.php\\\/deontologie\\\/#breadcrumb\"},\"inLanguage\":\"fr-FR\",\"potentialAction\":[{\"@type\":\"ReadAction\",\"target\":[\"https:\\\/\\\/antoine-blouet-psychotherapie.fr\\\/index.php\\\/deontologie\\\/\"]}]},{\"@type\":\"ImageObject\",\"inLanguage\":\"fr-FR\",\"@id\":\"https:\\\/\\\/antoine-blouet-psychotherapie.fr\\\/index.php\\\/deontologie\\\/#primaryimage\",\"url\":\"https:\\\/\\\/antoine-blouet-psychotherapie.fr\\\/wp-content\\\/uploads\\\/2017\\\/10\\\/Deontologie-psy-psychotherapeute-psychotherapie.png\",\"contentUrl\":\"https:\\\/\\\/antoine-blouet-psychotherapie.fr\\\/wp-content\\\/uploads\\\/2017\\\/10\\\/Deontologie-psy-psychotherapeute-psychotherapie.png\",\"width\":507,\"height\":640,\"caption\":\"D\u00e9ontologie des psychoth\u00e9rapeutes\"},{\"@type\":\"BreadcrumbList\",\"@id\":\"https:\\\/\\\/antoine-blouet-psychotherapie.fr\\\/index.php\\\/deontologie\\\/#breadcrumb\",\"itemListElement\":[{\"@type\":\"ListItem\",\"position\":1,\"name\":\"Accueil\",\"item\":\"https:\\\/\\\/antoine-blouet-psychotherapie.fr\\\/\"},{\"@type\":\"ListItem\",\"position\":2,\"name\":\"D\u00e9ontologie\"}]},{\"@type\":\"WebSite\",\"@id\":\"https:\\\/\\\/antoine-blouet-psychotherapie.fr\\\/#website\",\"url\":\"https:\\\/\\\/antoine-blouet-psychotherapie.fr\\\/\",\"name\":\"Antoine Blouet Psychoth\u00e9rapie\",\"description\":\"Se faire accompagner, un pas vers le changement\",\"potentialAction\":[{\"@type\":\"SearchAction\",\"target\":{\"@type\":\"EntryPoint\",\"urlTemplate\":\"https:\\\/\\\/antoine-blouet-psychotherapie.fr\\\/?s={search_term_string}\"},\"query-input\":{\"@type\":\"PropertyValueSpecification\",\"valueRequired\":true,\"valueName\":\"search_term_string\"}}],\"inLanguage\":\"fr-FR\"}]}<\/script>\n<!-- \/ Yoast SEO plugin. -->","yoast_head_json":{"title":"D\u00e9ontologie - Antoine Blouet Psychoth\u00e9rapie","description":"Mes engagements d\u00e9ontologiques au service de la qualit\u00e9 de la relation th\u00e9rapeutique.","robots":{"index":"index","follow":"follow","max-snippet":"max-snippet:-1","max-image-preview":"max-image-preview:large","max-video-preview":"max-video-preview:-1"},"canonical":"https:\/\/antoine-blouet-psychotherapie.fr\/index.php\/deontologie\/","og_locale":"fr_FR","og_type":"article","og_title":"D\u00e9ontologie - Antoine Blouet Psychoth\u00e9rapie","og_description":"Mes engagements d\u00e9ontologiques au service de la qualit\u00e9 de la relation th\u00e9rapeutique.","og_url":"https:\/\/antoine-blouet-psychotherapie.fr\/index.php\/deontologie\/","og_site_name":"Antoine Blouet Psychoth\u00e9rapie","article_modified_time":"2025-09-03T12:45:26+00:00","og_image":[{"width":507,"height":640,"url":"https:\/\/antoine-blouet-psychotherapie.fr\/wp-content\/uploads\/2017\/10\/Deontologie-psy-psychotherapeute-psychotherapie.png","type":"image\/png"}],"twitter_card":"summary_large_image","twitter_misc":{"Dur\u00e9e de lecture estim\u00e9e":"4 minutes"},"schema":{"@context":"https:\/\/schema.org","@graph":[{"@type":"WebPage","@id":"https:\/\/antoine-blouet-psychotherapie.fr\/index.php\/deontologie\/","url":"https:\/\/antoine-blouet-psychotherapie.fr\/index.php\/deontologie\/","name":"D\u00e9ontologie - Antoine Blouet Psychoth\u00e9rapie","isPartOf":{"@id":"https:\/\/antoine-blouet-psychotherapie.fr\/#website"},"primaryImageOfPage":{"@id":"https:\/\/antoine-blouet-psychotherapie.fr\/index.php\/deontologie\/#primaryimage"},"image":{"@id":"https:\/\/antoine-blouet-psychotherapie.fr\/index.php\/deontologie\/#primaryimage"},"thumbnailUrl":"https:\/\/antoine-blouet-psychotherapie.fr\/wp-content\/uploads\/2017\/10\/Deontologie-psy-psychotherapeute-psychotherapie-238x300.png","datePublished":"2016-11-11T21:26:24+00:00","dateModified":"2025-09-03T12:45:26+00:00","description":"Mes engagements d\u00e9ontologiques au service de la qualit\u00e9 de la relation th\u00e9rapeutique.","breadcrumb":{"@id":"https:\/\/antoine-blouet-psychotherapie.fr\/index.php\/deontologie\/#breadcrumb"},"inLanguage":"fr-FR","potentialAction":[{"@type":"ReadAction","target":["https:\/\/antoine-blouet-psychotherapie.fr\/index.php\/deontologie\/"]}]},{"@type":"ImageObject","inLanguage":"fr-FR","@id":"https:\/\/antoine-blouet-psychotherapie.fr\/index.php\/deontologie\/#primaryimage","url":"https:\/\/antoine-blouet-psychotherapie.fr\/wp-content\/uploads\/2017\/10\/Deontologie-psy-psychotherapeute-psychotherapie.png","contentUrl":"https:\/\/antoine-blouet-psychotherapie.fr\/wp-content\/uploads\/2017\/10\/Deontologie-psy-psychotherapeute-psychotherapie.png","width":507,"height":640,"caption":"D\u00e9ontologie des psychoth\u00e9rapeutes"},{"@type":"BreadcrumbList","@id":"https:\/\/antoine-blouet-psychotherapie.fr\/index.php\/deontologie\/#breadcrumb","itemListElement":[{"@type":"ListItem","position":1,"name":"Accueil","item":"https:\/\/antoine-blouet-psychotherapie.fr\/"},{"@type":"ListItem","position":2,"name":"D\u00e9ontologie"}]},{"@type":"WebSite","@id":"https:\/\/antoine-blouet-psychotherapie.fr\/#website","url":"https:\/\/antoine-blouet-psychotherapie.fr\/","name":"Antoine Blouet Psychoth\u00e9rapie","description":"Se faire accompagner, un pas vers le changement","potentialAction":[{"@type":"SearchAction","target":{"@type":"EntryPoint","urlTemplate":"https:\/\/antoine-blouet-psychotherapie.fr\/?s={search_term_string}"},"query-input":{"@type":"PropertyValueSpecification","valueRequired":true,"valueName":"search_term_string"}}],"inLanguage":"fr-FR"}]}},"_links":{"self":[{"href":"https:\/\/antoine-blouet-psychotherapie.fr\/index.php\/wp-json\/wp\/v2\/pages\/76","targetHints":{"allow":["GET"]}}],"collection":[{"href":"https:\/\/antoine-blouet-psychotherapie.fr\/index.php\/wp-json\/wp\/v2\/pages"}],"about":[{"href":"https:\/\/antoine-blouet-psychotherapie.fr\/index.php\/wp-json\/wp\/v2\/types\/page"}],"author":[{"embeddable":true,"href":"https:\/\/antoine-blouet-psychotherapie.fr\/index.php\/wp-json\/wp\/v2\/users\/1"}],"replies":[{"embeddable":true,"href":"https:\/\/antoine-blouet-psychotherapie.fr\/index.php\/wp-json\/wp\/v2\/comments?post=76"}],"version-history":[{"count":27,"href":"https:\/\/antoine-blouet-psychotherapie.fr\/index.php\/wp-json\/wp\/v2\/pages\/76\/revisions"}],"predecessor-version":[{"id":739,"href":"https:\/\/antoine-blouet-psychotherapie.fr\/index.php\/wp-json\/wp\/v2\/pages\/76\/revisions\/739"}],"wp:attachment":[{"href":"https:\/\/antoine-blouet-psychotherapie.fr\/index.php\/wp-json\/wp\/v2\/media?parent=76"}],"curies":[{"name":"wp","href":"https:\/\/api.w.org\/{rel}","templated":true}]}}