{"id":60,"date":"2016-11-11T21:19:35","date_gmt":"2016-11-11T21:19:35","guid":{"rendered":"http:\/\/antoine-blouet-psychotherapie.fr\/?page_id=60"},"modified":"2025-09-03T12:39:02","modified_gmt":"2025-09-03T12:39:02","slug":"ma-pratique-de-la-psychotherapie","status":"publish","type":"page","link":"https:\/\/antoine-blouet-psychotherapie.fr\/index.php\/ma-pratique-de-la-psychotherapie\/","title":{"rendered":"Ma pratique de la psychoth\u00e9rapie"},"content":{"rendered":"\n<p>Cette page est des\u00adti\u00adn\u00e9e \u00e0 vous expli\u00adquer com\u00adment je pra\u00adtique la psy\u00adcho\u00adth\u00e9\u00adra\u00adpie. Ma sp\u00e9\u00adcia\u00adli\u00adt\u00e9 est la Gestalt-th\u00e9\u00adra\u00adpie et je re\u00e7ois les adultes en psy\u00adcho\u00adth\u00e9\u00adra\u00adpie indi\u00advi\u00adduelle et en <a href=\"https:\/\/antoine-blouet-psychotherapie.fr\/index.php\/therapie-de-couple\/\">th\u00e9\u00adra\u00adpie de couple<\/a> \u00e0 la limite de Chaville et V\u00e9lizy, pr\u00e8s de la gare de Chaville-V\u00e9lizy (<span class=\"caps\">RER<\/span> C), entre Boulogne, Versailles et Ch\u00e2tenay-Malabry (voir <a href=\"https:\/\/antoine-blouet-psychotherapie.fr\/?page_id=51\">acc\u00e8s<\/a>). Je pra\u00adtique \u00e9ga\u00adle\u00adment les s\u00e9ances en visio dans cer\u00adtains&nbsp;cas.<\/p>\n\n\n<div class=\"wp-block-image\">\n<figure class=\"alignleft\"><img loading=\"lazy\" decoding=\"async\" width=\"300\" height=\"225\" src=\"https:\/\/antoine-blouet-psychotherapie.fr\/wp-content\/uploads\/2017\/09\/Psychotherapeute-velizy-versailles-chaville-viroflay-2-300x225.jpg\" alt=\"Psychoth\u00e9rapeute V\u00e9lizy Versailles Chaville Viroflay\" class=\"wp-image-287\"><\/figure>\n<\/div>\n\n\n<p>Si vous vous deman\u00addez com\u00adment se pas\u00adse\u00adrait une psy\u00adcho\u00adth\u00e9\u00adra\u00adpie avec moi, voi\u00adci quelques \u00e9l\u00e9\u00adments de r\u00e9ponses qui com\u00adpl\u00e8tent les infor\u00adma\u00adtions sur <a href=\"https:\/\/antoine-blouet-psychotherapie.fr\/#questions_sur_la_psychotherapie\">les psy\u00adcho\u00adth\u00e9\u00adra\u00adpies<\/a>,&nbsp;&nbsp;<a href=\"https:\/\/antoine-blouet-psychotherapie.fr\/?page_id=47\">la Gestalt-th\u00e9\u00adra\u00adpie<\/a>&nbsp;et <a href=\"https:\/\/antoine-blouet-psychotherapie.fr\/index.php\/therapie-de-couple\/\">la th\u00e9\u00adra\u00adpie de couple<\/a>. Je suis natu\u00adrel\u00adle\u00adment \u00e0 votre dis\u00adpo\u00adsi\u00adtion pour r\u00e9pondre \u00e0 vos ques\u00adtions par t\u00e9l\u00e9\u00adphone ou appro\u00adfon\u00addir ces ques\u00adtions au cours d\u2019un ren\u00addez-vous (voir <a href=\"https:\/\/antoine-blouet-psychotherapie.fr\/index.php\/contact-et-acces-a-mon-cabinet\/\">contact<\/a>).<\/p>\n\n\n\n<h2 class=\"wp-block-heading\"><strong>La rencontre<\/strong><\/h2>\n\n\n\n<p><br>Une psy\u00adcho\u00adth\u00e9\u00adra\u00adpie est d\u2019abord une ren\u00adcontre entre deux per\u00adsonnes (trois dans le cas d\u2019une th\u00e9\u00adra\u00adpie de couple). Le pre\u00admier ren\u00addez-vous est donc l\u2019occasion de sen\u00adtir si nous avons cha\u00adcun envie de \u00ab&nbsp;faire un bout de che\u00admin ensemble&nbsp;\u00bb. Ce n\u2019est qu\u2019\u00e0 la deuxi\u00e8me ou troi\u00adsi\u00e8me s\u00e9ance que nous pour\u00adrons confir\u00admer cette envie et nous enga\u00adger mutuel\u00adle\u00adment dans ce tra\u00advail r\u00e9gu\u00adlier.<br>Face \u00e0 vos souf\u00adfrances et vos ques\u00adtions sans r\u00e9ponse, je m\u2019engage \u00e0 vous sou\u00adte\u00adnir dans votre pro\u00adces\u00adsus d\u2019\u00e9volution avec bien\u00adveillance et dans le res\u00adpect de votre indi\u00advi\u00addua\u00adli\u00adt\u00e9.<br>En fin de th\u00e9\u00adra\u00adpie, nous consa\u00adcre\u00adrons une s\u00e9ance \u00e0 clore ce temps pas\u00ads\u00e9 ensemble.<\/p>\n\n\n\n<h2 class=\"wp-block-heading\"><strong>Le cadre<\/strong><\/h2>\n\n\n\n<p><br>La psy\u00adcho\u00adth\u00e9\u00adra\u00adpie se d\u00e9roule dans un cadre s\u00e9cu\u00adri\u00adsant&nbsp;: confi\u00adden\u00adtia\u00adli\u00adt\u00e9, accueil bien\u00adveillant et sans juge\u00adment de toutes les facettes de votre per\u00adson\u00adna\u00adli\u00adt\u00e9, res\u00adpect d\u2019une <a href=\"https:\/\/antoine-blouet-psychotherapie.fr\/?page_id=76\">d\u00e9on\u00adto\u00adlo\u00adgie<\/a> et de la <a href=\"https:\/\/antoine-blouet-psychotherapie.fr\/index.php\/deontologie\/#ancrecharte\">Charte natio\u00adnale pour les per\u00adsonnes en psy\u00adcho\u00adth\u00e9\u00adra\u00adpie<\/a>, non-pas\u00adsage \u00e0 l\u2019acte, enga\u00adge\u00adment mutuel\u2026 Les pre\u00admi\u00e8res s\u00e9ances sont l\u2019occasion de pr\u00e9\u00adci\u00adser ce cadre et de r\u00e9pondre \u00e0 vos ques\u00adtions sur ma pra\u00adtique de la psy\u00adcho\u00adth\u00e9\u00adra\u00adpie. Elles per\u00admettent aus\u00adsi de cr\u00e9er la confiance et la s\u00e9cu\u00adri\u00adt\u00e9 indis\u00adpen\u00adsables pour fon\u00adder l\u2019alliance th\u00e9\u00adra\u00adpeu\u00adtique, ce par\u00adte\u00adna\u00adriat actif entre le sujet et son th\u00e9rapeute.<\/p>\n\n\n\n<h2 class=\"wp-block-heading\"><strong>Une s\u00e9ance<\/strong><\/h2>\n\n\n\n<p><br>Mes s\u00e9ances se d\u00e9roulent g\u00e9n\u00e9\u00adra\u00adle\u00adment en face-\u00e0-face mais je pra\u00adtique la psy\u00adcho\u00adth\u00e9\u00adra\u00adpie en ligne dans cer\u00adtains cas. Elles durent 45 minutes pour une psy\u00adcho\u00adth\u00e9\u00adra\u00adpie indi\u00advi\u00adduelle et 1 heure 30 pour une th\u00e9\u00adra\u00adpie de couple.<br>Au cours d\u2019une s\u00e9ance, nous allons tra\u00advailler sur ce que vous appor\u00adtez (par exemple une situa\u00adtion pro\u00adbl\u00e9\u00adma\u00adtique v\u00e9cue r\u00e9cem\u00adment ou autre\u00adfois), mais moins en cher\u00adchant \u00e0 ana\u00adly\u00adser l\u2019origine de ces maux qu\u2019\u00e0 obser\u00adver com\u00adment le pas\u00ads\u00e9 est pr\u00e9\u00adsent dans votre vie aujourd\u2019\u00adhui et \u00e0 explo\u00adrer des pistes d\u2019\u00e9volution. Nous serons notam\u00adment atten\u00adtifs \u00e0 ce qui se passe \u00ab&nbsp;ici et main\u00adte\u00adnant&nbsp;\u00bb dans le cabi\u00adnet&nbsp;: nous allons nous pen\u00adcher sur ce qui vous habite intel\u00adlec\u00adtuel\u00adle\u00adment, \u00e9mo\u00adtion\u00adnel\u00adle\u00adment et cor\u00adpo\u00adrel\u00adle\u00adment, ain\u00adsi que sur ce qui se passe dans la situa\u00adtion rela\u00adtion\u00adnelle que nous cr\u00e9ons ensemble.<br>Je peux alors pro\u00adpo\u00adser un tra\u00advail fon\u00add\u00e9 sur une exp\u00e9\u00adri\u00admen\u00adta\u00adtion met\u00adtant en jeu le corps, les \u00e9mo\u00adtions, le contact, la cr\u00e9a\u00adti\u00advi\u00adt\u00e9\u2026 Cela peut ins\u00adcrire dans la psy\u00adch\u00e9 et le corps de nou\u00advelles sen\u00adsa\u00adtions, vous per\u00admet\u00adtant ensuite de mieux res\u00adsen\u00adtir vos \u00e9mo\u00adtions et vos besoins, ain\u00adsi que de d\u00e9cou\u00advrir de nou\u00advelles fa\u00e7ons de faire et d\u2019\u00eatre. Un pro\u00adces\u00adsus g\u00e9n\u00e9\u00adra\u00adteur de changement.<\/p>\n\n\n\n<h2 class=\"wp-block-heading\">Ma pratique de la th\u00e9rapie \u00e0 distance<\/h2>\n\n\n\n<p>Je pra\u00adtique la psy\u00adcho\u00adth\u00e9\u00adra\u00adpie \u00e0 dis\u00adtance, <strong>en visio ou par t\u00e9l\u00e9\u00adphone<\/strong>, dans deux cas&nbsp;:<br>- <strong>Pour com\u00admen\u00adcer une th\u00e9\u00adra\u00adpie<\/strong>, si la pers\u00adpec\u00adtive du contact en face-\u00e0-face dans mon cabi\u00adnet est trop dif\u00adfi\u00adcile pour vous. Notre objec\u00adtif sera alors de cr\u00e9er ensemble les condi\u00adtions per\u00admet\u00adtant de conti\u00adnuer en pr\u00e9\u00adsen\u00adtiel apr\u00e8s quelques s\u00e9ances en visio ou par t\u00e9l\u00e9\u00adphone.<br>- La th\u00e9\u00adra\u00adpie en visio ou par t\u00e9l\u00e9\u00adphone peut \u00e9ga\u00adle\u00adment ser\u00advir en \u00ab&nbsp;d\u00e9pan\u00adnage&nbsp;\u00bb, apr\u00e8s avoir d\u00e9bu\u00adt\u00e9 le tra\u00advail en face-\u00e0-face, <strong>quand le pr\u00e9\u00adsen\u00adtiel n\u2019est pas pos\u00adsible<\/strong>&nbsp;: mala\u00addie, pro\u00adbl\u00e8me ponc\u00adtuel de trans\u00adport, d\u00e9m\u00e9\u00adna\u00adge\u00adment en pro\u00advince, etc.<\/p>\n\n\n\n<h2 class=\"wp-block-heading\"><strong>Dur\u00e9e de la th\u00e9rapie et rythme des s\u00e9ances<\/strong><\/h2>\n\n\n\n<p><strong><br><\/strong>Il n\u2019y a <strong>pas de dur\u00e9e pr\u00e9\u00add\u00e9\u00adfi\u00adnie<\/strong> pour une psy\u00adcho\u00adth\u00e9\u00adra\u00adpie. N\u00e9anmoins, on peut esti\u00admer qu\u2019une th\u00e9\u00adra\u00adpie indi\u00advi\u00adduelle en Gestalt-th\u00e9\u00adra\u00adpie dure g\u00e9n\u00e9\u00adra\u00adle\u00adment de un \u00e0 trois ans. Mais cela peut \u00eatre plus court si vous venez juste pour d\u00e9nouer une dif\u00adfi\u00adcul\u00adt\u00e9 ponc\u00adtuelle sans envie d\u2019ouvrir ensuite l\u2019horizon du tra\u00advail. La dur\u00e9e d\u00e9pend notam\u00adment de votre inves\u00adtis\u00adse\u00adment per\u00adson\u00adnel car aucun psy\u00adcho\u00adth\u00e9\u00adra\u00adpeute ne peut \u00ab&nbsp;tra\u00advailler&nbsp;\u00bb \u00e0 votre place.<br>Les th\u00e9\u00adra\u00adpies de couple sont g\u00e9n\u00e9\u00adra\u00adle\u00adment plus br\u00e8ves.<br>Pour une psy\u00adcho\u00adth\u00e9\u00adra\u00adpie indi\u00advi\u00adduelle, le rythme des s\u00e9ances est <strong>de pr\u00e9\u00adf\u00e9\u00adrence heb\u00addo\u00adma\u00addaire<\/strong>, au moins dans les pre\u00admiers temps de la th\u00e9\u00adra\u00adpie afin de cr\u00e9er le lien entre la per\u00adsonne en psy\u00adcho\u00adth\u00e9\u00adra\u00adpie et le th\u00e9\u00adra\u00adpeute. Les s\u00e9ances de th\u00e9\u00adra\u00adpie de couple sont plus espa\u00adc\u00e9es afin de lais\u00adser aux conjoints le temps d\u2019as\u00adsi\u00admi\u00adler et d\u2019ex\u00adp\u00e9\u00adri\u00admen\u00adter \u00e0 deux les chan\u00adge\u00adments en cours.<br>Je re\u00e7ois pour les s\u00e9ances de psy\u00adcho\u00adth\u00e9\u00adra\u00adpie indi\u00advi\u00adduelle et de couple de 9 heures \u00e0 20 heures, du lun\u00addi au vendredi.<\/p>\n\n\n\n<h2 class=\"wp-block-heading\"><strong>Tarif<\/strong> et remboursement<\/h2>\n\n\n\n<p><br>Le tarif est de 70 euros pour une s\u00e9ance de 45 minutes en psy\u00adcho\u00adth\u00e9\u00adra\u00adpie indi\u00advi\u00adduelle, et de 120 euros pour une s\u00e9ance d\u20191 heure 30 pour une th\u00e9\u00adra\u00adpie de couple.<br>Le r\u00e8gle\u00adment se fait \u00e0 la fin de chaque s\u00e9ance en esp\u00e8ces ou par ch\u00e8que.<br>Tout ren\u00addez-vous annu\u00adl\u00e9 moins de 24h \u00e0 l\u2019avance est d\u00fb. Et cet enga\u00adge\u00adment est r\u00e9ci\u00adproque&nbsp;: si c\u2019est moi qui dois annu\u00adler moins de 24h \u00e0 l\u2019avance, la s\u00e9ance sui\u00advante sera gra\u00adtuite.<br>Certaines mutuelles rem\u00adboursent par\u00adtiel\u00adle\u00adment les psy\u00adcho\u00adth\u00e9\u00adra\u00adpies (notam\u00adment sous l\u2019ap\u00adpel\u00adla\u00adtion \u00ab&nbsp;M\u00e9decine douce non conven\u00adtion\u00adn\u00e9e&nbsp;\u00bb) ; ren\u00adsei\u00adgnez-vous aupr\u00e8s de la v\u00f4tre et, le cas \u00e9ch\u00e9ant, je vous four\u00adni\u00adrai les jus\u00adti\u00adfi\u00adca\u00adtifs n\u00e9cessaires.<\/p>\n","protected":false},"excerpt":{"rendered":"<p>Cette page est des\u00adti\u00adn\u00e9e \u00e0 vous expli\u00adquer com\u00adment je pra\u00adtique la psy\u00adcho\u00adth\u00e9\u00adra\u00adpie. Ma sp\u00e9\u00adcia\u00adli\u00adt\u00e9 est la Gestalt-th\u00e9\u00ad\u00adra\u00ad\u00adpie et je re\u00e7ois les adultes en psy\u00adcho\u00adth\u00e9\u00adra\u00adpie indi\u00advi\u00adduelle et en th\u00e9\u00adra\u00adpie de couple \u00e0 la limite de Chaville et V\u00e9lizy, pr\u00e8s de la gare de Chaville-V\u00e9lizy (<span class=\"caps\">RER<\/span> C), entre Boulogne, Versailles et Ch\u00e2tenay-Malabry (voir acc\u00e8s). Je pra\u00adtique \u00e9ga\u00adle\u00adment \u2026 <a href=\"https:\/\/antoine-blouet-psychotherapie.fr\/index.php\/ma-pratique-de-la-psychotherapie\/\" class=\"more-link\">Continuer la lec\u00adture de <span class=\"screen-reader-text\">Ma pra\u00adtique de la psychoth\u00e9rapie<\/span><\/a><\/p>\n","protected":false},"author":1,"featured_media":0,"parent":0,"menu_order":0,"comment_status":"closed","ping_status":"closed","template":"","meta":{"wp_typography_post_enhancements_disabled":false,"footnotes":""},"class_list":["post-60","page","type-page","status-publish","hentry"],"yoast_head":"<!-- This site is optimized with the Yoast SEO plugin v27.4 - https:\/\/yoast.com\/product\/yoast-seo-wordpress\/ -->\n<title>Ma pratique de la psychoth\u00e9rapie - Antoine Blouet Psychoth\u00e9rapie<\/title>\n<meta name=\"description\" content=\"Comment se passe une th\u00e9rapie individuelle ou en couple avec moi : le cadre, le d\u00e9roulement d\u2019une s\u00e9ance, la th\u00e9rapie en visio, les tarifs.\" \/>\n<meta name=\"robots\" content=\"index, follow, max-snippet:-1, max-image-preview:large, max-video-preview:-1\" \/>\n<link rel=\"canonical\" href=\"https:\/\/antoine-blouet-psychotherapie.fr\/index.php\/ma-pratique-de-la-psychotherapie\/\" \/>\n<meta property=\"og:locale\" content=\"fr_FR\" \/>\n<meta property=\"og:type\" content=\"article\" \/>\n<meta property=\"og:title\" content=\"Ma pratique de la psychoth\u00e9rapie - Antoine Blouet Psychoth\u00e9rapie\" \/>\n<meta property=\"og:description\" content=\"Comment se passe une th\u00e9rapie individuelle ou en couple avec moi : le cadre, le d\u00e9roulement d\u2019une s\u00e9ance, la th\u00e9rapie en visio, les tarifs.\" \/>\n<meta property=\"og:url\" content=\"https:\/\/antoine-blouet-psychotherapie.fr\/index.php\/ma-pratique-de-la-psychotherapie\/\" \/>\n<meta property=\"og:site_name\" content=\"Antoine Blouet Psychoth\u00e9rapie\" \/>\n<meta property=\"article:modified_time\" content=\"2025-09-03T12:39:02+00:00\" \/>\n<meta property=\"og:image\" content=\"https:\/\/antoine-blouet-psychotherapie.fr\/wp-content\/uploads\/2017\/09\/Psychotherapeute-velizy-versailles-chaville-viroflay-2-e1507648546105.jpg\" \/>\n\t<meta property=\"og:image:width\" content=\"650\" \/>\n\t<meta property=\"og:image:height\" content=\"488\" \/>\n\t<meta property=\"og:image:type\" content=\"image\/jpeg\" \/>\n<meta name=\"twitter:card\" content=\"summary_large_image\" \/>\n<meta name=\"twitter:label1\" content=\"Dur\u00e9e de lecture estim\u00e9e\" \/>\n\t<meta name=\"twitter:data1\" content=\"5 minutes\" \/>\n<script type=\"application\/ld+json\" class=\"yoast-schema-graph\">{\"@context\":\"https:\\\/\\\/schema.org\",\"@graph\":[{\"@type\":\"WebPage\",\"@id\":\"https:\\\/\\\/antoine-blouet-psychotherapie.fr\\\/index.php\\\/ma-pratique-de-la-psychotherapie\\\/\",\"url\":\"https:\\\/\\\/antoine-blouet-psychotherapie.fr\\\/index.php\\\/ma-pratique-de-la-psychotherapie\\\/\",\"name\":\"Ma pratique de la psychoth\u00e9rapie - Antoine Blouet Psychoth\u00e9rapie\",\"isPartOf\":{\"@id\":\"https:\\\/\\\/antoine-blouet-psychotherapie.fr\\\/#website\"},\"primaryImageOfPage\":{\"@id\":\"https:\\\/\\\/antoine-blouet-psychotherapie.fr\\\/index.php\\\/ma-pratique-de-la-psychotherapie\\\/#primaryimage\"},\"image\":{\"@id\":\"https:\\\/\\\/antoine-blouet-psychotherapie.fr\\\/index.php\\\/ma-pratique-de-la-psychotherapie\\\/#primaryimage\"},\"thumbnailUrl\":\"https:\\\/\\\/antoine-blouet-psychotherapie.fr\\\/wp-content\\\/uploads\\\/2017\\\/09\\\/Psychotherapeute-velizy-versailles-chaville-viroflay-2-300x225.jpg\",\"datePublished\":\"2016-11-11T21:19:35+00:00\",\"dateModified\":\"2025-09-03T12:39:02+00:00\",\"description\":\"Comment se passe une th\u00e9rapie individuelle ou en couple avec moi : le cadre, le d\u00e9roulement d\u2019une s\u00e9ance, la th\u00e9rapie en visio, les tarifs.\",\"breadcrumb\":{\"@id\":\"https:\\\/\\\/antoine-blouet-psychotherapie.fr\\\/index.php\\\/ma-pratique-de-la-psychotherapie\\\/#breadcrumb\"},\"inLanguage\":\"fr-FR\",\"potentialAction\":[{\"@type\":\"ReadAction\",\"target\":[\"https:\\\/\\\/antoine-blouet-psychotherapie.fr\\\/index.php\\\/ma-pratique-de-la-psychotherapie\\\/\"]}]},{\"@type\":\"ImageObject\",\"inLanguage\":\"fr-FR\",\"@id\":\"https:\\\/\\\/antoine-blouet-psychotherapie.fr\\\/index.php\\\/ma-pratique-de-la-psychotherapie\\\/#primaryimage\",\"url\":\"https:\\\/\\\/antoine-blouet-psychotherapie.fr\\\/wp-content\\\/uploads\\\/2017\\\/09\\\/Psychotherapeute-velizy-versailles-chaville-viroflay-2-e1507648546105.jpg\",\"contentUrl\":\"https:\\\/\\\/antoine-blouet-psychotherapie.fr\\\/wp-content\\\/uploads\\\/2017\\\/09\\\/Psychotherapeute-velizy-versailles-chaville-viroflay-2-e1507648546105.jpg\",\"width\":650,\"height\":488,\"caption\":\"Psychoth\u00e9rapeute V\u00e9lizy Versailles Chaville Viroflay\"},{\"@type\":\"BreadcrumbList\",\"@id\":\"https:\\\/\\\/antoine-blouet-psychotherapie.fr\\\/index.php\\\/ma-pratique-de-la-psychotherapie\\\/#breadcrumb\",\"itemListElement\":[{\"@type\":\"ListItem\",\"position\":1,\"name\":\"Accueil\",\"item\":\"https:\\\/\\\/antoine-blouet-psychotherapie.fr\\\/\"},{\"@type\":\"ListItem\",\"position\":2,\"name\":\"Ma pratique de la psychoth\u00e9rapie\"}]},{\"@type\":\"WebSite\",\"@id\":\"https:\\\/\\\/antoine-blouet-psychotherapie.fr\\\/#website\",\"url\":\"https:\\\/\\\/antoine-blouet-psychotherapie.fr\\\/\",\"name\":\"Antoine Blouet Psychoth\u00e9rapie\",\"description\":\"Se faire accompagner, un pas vers le changement\",\"potentialAction\":[{\"@type\":\"SearchAction\",\"target\":{\"@type\":\"EntryPoint\",\"urlTemplate\":\"https:\\\/\\\/antoine-blouet-psychotherapie.fr\\\/?s={search_term_string}\"},\"query-input\":{\"@type\":\"PropertyValueSpecification\",\"valueRequired\":true,\"valueName\":\"search_term_string\"}}],\"inLanguage\":\"fr-FR\"}]}<\/script>\n<!-- \/ Yoast SEO plugin. -->","yoast_head_json":{"title":"Ma pratique de la psychoth\u00e9rapie - Antoine Blouet Psychoth\u00e9rapie","description":"Comment se passe une th\u00e9rapie individuelle ou en couple avec moi : le cadre, le d\u00e9roulement d\u2019une s\u00e9ance, la th\u00e9rapie en visio, les tarifs.","robots":{"index":"index","follow":"follow","max-snippet":"max-snippet:-1","max-image-preview":"max-image-preview:large","max-video-preview":"max-video-preview:-1"},"canonical":"https:\/\/antoine-blouet-psychotherapie.fr\/index.php\/ma-pratique-de-la-psychotherapie\/","og_locale":"fr_FR","og_type":"article","og_title":"Ma pratique de la psychoth\u00e9rapie - Antoine Blouet Psychoth\u00e9rapie","og_description":"Comment se passe une th\u00e9rapie individuelle ou en couple avec moi : le cadre, le d\u00e9roulement d\u2019une s\u00e9ance, la th\u00e9rapie en visio, les tarifs.","og_url":"https:\/\/antoine-blouet-psychotherapie.fr\/index.php\/ma-pratique-de-la-psychotherapie\/","og_site_name":"Antoine Blouet Psychoth\u00e9rapie","article_modified_time":"2025-09-03T12:39:02+00:00","og_image":[{"width":650,"height":488,"url":"https:\/\/antoine-blouet-psychotherapie.fr\/wp-content\/uploads\/2017\/09\/Psychotherapeute-velizy-versailles-chaville-viroflay-2-e1507648546105.jpg","type":"image\/jpeg"}],"twitter_card":"summary_large_image","twitter_misc":{"Dur\u00e9e de lecture estim\u00e9e":"5 minutes"},"schema":{"@context":"https:\/\/schema.org","@graph":[{"@type":"WebPage","@id":"https:\/\/antoine-blouet-psychotherapie.fr\/index.php\/ma-pratique-de-la-psychotherapie\/","url":"https:\/\/antoine-blouet-psychotherapie.fr\/index.php\/ma-pratique-de-la-psychotherapie\/","name":"Ma pratique de la psychoth\u00e9rapie - Antoine Blouet Psychoth\u00e9rapie","isPartOf":{"@id":"https:\/\/antoine-blouet-psychotherapie.fr\/#website"},"primaryImageOfPage":{"@id":"https:\/\/antoine-blouet-psychotherapie.fr\/index.php\/ma-pratique-de-la-psychotherapie\/#primaryimage"},"image":{"@id":"https:\/\/antoine-blouet-psychotherapie.fr\/index.php\/ma-pratique-de-la-psychotherapie\/#primaryimage"},"thumbnailUrl":"https:\/\/antoine-blouet-psychotherapie.fr\/wp-content\/uploads\/2017\/09\/Psychotherapeute-velizy-versailles-chaville-viroflay-2-300x225.jpg","datePublished":"2016-11-11T21:19:35+00:00","dateModified":"2025-09-03T12:39:02+00:00","description":"Comment se passe une th\u00e9rapie individuelle ou en couple avec moi : le cadre, le d\u00e9roulement d\u2019une s\u00e9ance, la th\u00e9rapie en visio, les tarifs.","breadcrumb":{"@id":"https:\/\/antoine-blouet-psychotherapie.fr\/index.php\/ma-pratique-de-la-psychotherapie\/#breadcrumb"},"inLanguage":"fr-FR","potentialAction":[{"@type":"ReadAction","target":["https:\/\/antoine-blouet-psychotherapie.fr\/index.php\/ma-pratique-de-la-psychotherapie\/"]}]},{"@type":"ImageObject","inLanguage":"fr-FR","@id":"https:\/\/antoine-blouet-psychotherapie.fr\/index.php\/ma-pratique-de-la-psychotherapie\/#primaryimage","url":"https:\/\/antoine-blouet-psychotherapie.fr\/wp-content\/uploads\/2017\/09\/Psychotherapeute-velizy-versailles-chaville-viroflay-2-e1507648546105.jpg","contentUrl":"https:\/\/antoine-blouet-psychotherapie.fr\/wp-content\/uploads\/2017\/09\/Psychotherapeute-velizy-versailles-chaville-viroflay-2-e1507648546105.jpg","width":650,"height":488,"caption":"Psychoth\u00e9rapeute V\u00e9lizy Versailles Chaville Viroflay"},{"@type":"BreadcrumbList","@id":"https:\/\/antoine-blouet-psychotherapie.fr\/index.php\/ma-pratique-de-la-psychotherapie\/#breadcrumb","itemListElement":[{"@type":"ListItem","position":1,"name":"Accueil","item":"https:\/\/antoine-blouet-psychotherapie.fr\/"},{"@type":"ListItem","position":2,"name":"Ma pratique de la psychoth\u00e9rapie"}]},{"@type":"WebSite","@id":"https:\/\/antoine-blouet-psychotherapie.fr\/#website","url":"https:\/\/antoine-blouet-psychotherapie.fr\/","name":"Antoine Blouet Psychoth\u00e9rapie","description":"Se faire accompagner, un pas vers le changement","potentialAction":[{"@type":"SearchAction","target":{"@type":"EntryPoint","urlTemplate":"https:\/\/antoine-blouet-psychotherapie.fr\/?s={search_term_string}"},"query-input":{"@type":"PropertyValueSpecification","valueRequired":true,"valueName":"search_term_string"}}],"inLanguage":"fr-FR"}]}},"_links":{"self":[{"href":"https:\/\/antoine-blouet-psychotherapie.fr\/index.php\/wp-json\/wp\/v2\/pages\/60","targetHints":{"allow":["GET"]}}],"collection":[{"href":"https:\/\/antoine-blouet-psychotherapie.fr\/index.php\/wp-json\/wp\/v2\/pages"}],"about":[{"href":"https:\/\/antoine-blouet-psychotherapie.fr\/index.php\/wp-json\/wp\/v2\/types\/page"}],"author":[{"embeddable":true,"href":"https:\/\/antoine-blouet-psychotherapie.fr\/index.php\/wp-json\/wp\/v2\/users\/1"}],"replies":[{"embeddable":true,"href":"https:\/\/antoine-blouet-psychotherapie.fr\/index.php\/wp-json\/wp\/v2\/comments?post=60"}],"version-history":[{"count":61,"href":"https:\/\/antoine-blouet-psychotherapie.fr\/index.php\/wp-json\/wp\/v2\/pages\/60\/revisions"}],"predecessor-version":[{"id":737,"href":"https:\/\/antoine-blouet-psychotherapie.fr\/index.php\/wp-json\/wp\/v2\/pages\/60\/revisions\/737"}],"wp:attachment":[{"href":"https:\/\/antoine-blouet-psychotherapie.fr\/index.php\/wp-json\/wp\/v2\/media?parent=60"}],"curies":[{"name":"wp","href":"https:\/\/api.w.org\/{rel}","templated":true}]}}