{"id":329,"date":"2017-10-10T14:05:24","date_gmt":"2017-10-10T14:05:24","guid":{"rendered":"http:\/\/antoine-blouet-psychotherapie.fr\/?page_id=329"},"modified":"2025-09-03T12:16:57","modified_gmt":"2025-09-03T12:16:57","slug":"therapie-de-couple-velizy-chaville","status":"publish","type":"page","link":"https:\/\/antoine-blouet-psychotherapie.fr\/index.php\/therapie-de-couple-velizy-chaville\/","title":{"rendered":"Th\u00e9rapie de couple"},"content":{"rendered":"<div class=\"wp-block-image\">\n<figure class=\"alignleft\"><img loading=\"lazy\" decoding=\"async\" width=\"300\" height=\"199\" src=\"https:\/\/antoine-blouet-psychotherapie.fr\/wp-content\/uploads\/2017\/09\/Therapie-de-couple-velizy-versailles-chaville-viroflay-300x199.jpg\" alt=\"Th\u00e9rapie de couple Versailles V\u00e9lizy Viroflay Chaville\" class=\"wp-image-284\"><\/figure>\n<\/div>\n\n\n<p><strong>Le couple peut \u00eatre une source de bon\u00adheur<\/strong>, d\u2019\u00e9panouissement et de s\u00e9cu\u00adri\u00adt\u00e9, un lieu pour se r\u00e9a\u00adli\u00adser. Mais il arrive aus\u00adsi que la rela\u00adtion se d\u00e9grade et que le para\u00addis com\u00admence \u00e0 res\u00adsem\u00adbler \u00e0 l\u2019enfer. Les reproches s\u2019accumulent, le dia\u00adlogue se crispe, la dis\u00adtance se creuse, des fonc\u00adtion\u00adne\u00adments r\u00e9p\u00e9\u00adti\u00adtifs et non-satis\u00adfai\u00adsants s\u2019installent. Il devient dif\u00adfi\u00adcile, voire impos\u00adsible, d\u2019am\u00e9liorer la situa\u00adtion \u00e0 deux. Une th\u00e9\u00adra\u00adpie de couple peut alors s\u2019av\u00e9rer pr\u00e9\u00adcieuse pour renouer la com\u00admu\u00adni\u00adca\u00adtion et sor\u00adtir de l\u2019impasse. La <a href=\"https:\/\/antoine-blouet-psychotherapie.fr\/index.php\/quest-ce-que-la-gestalt-therapie\/\">Gestalt-th\u00e9\u00adra\u00adpie<\/a>, qui met la rela\u00adtion au c\u0153ur de son approche, est par\u00adti\u00adcu\u00adli\u00e8\u00adre\u00adment indi\u00adqu\u00e9e pour accom\u00adpa\u00adgner les couples.<\/p>\n\n\n\n<h2 class=\"wp-block-heading\">Th\u00e9rapie de couple \u00e0 V\u00e9lizy \u2013 Chaville<\/h2>\n\n\n\n<p>Je re\u00e7ois les couples (h\u00e9t\u00e9\u00adro\u00adsexuels et homo\u00adsexuels) de 9 heures \u00e0 20 heures du lun\u00addi au ven\u00addre\u00addi. <strong>Mon cabi\u00adnet se situe \u00e0 V\u00e9lizy,<\/strong> \u00e0 la limite de <strong>Chaville<\/strong>, pr\u00e8s de la gare de Chaville-V\u00e9lizy (<span class=\"caps\">RER<\/span> C). Il est faci\u00adle\u00adment acces\u00adsible depuis toute la ban\u00adlieue sud-ouest de Paris, \u00e0 proxi\u00admi\u00adt\u00e9 de Versailles, Viroflay, Boulogne, Ch\u00e2tenay-Malabry, Meudon, S\u00e8vres, Jouy-en-Josas et Clamart (voir <a href=\"https:\/\/antoine-blouet-psychotherapie.fr\/index.php\/contact-et-acces-a-mon-cabinet\/\">acc\u00e8s<\/a>). Je pra\u00adtique \u00e9ga\u00adle\u00adment les s\u00e9ances en visio mais seule\u00adment apr\u00e8s avoir d\u00e9bu\u00adt\u00e9 le tra\u00advail en face \u00e0&nbsp;face.<\/p>\n\n\n\n<p><strong>Le th\u00e9\u00adra\u00adpeute de couple peut inter\u00adve\u00adnir dans trois grands types de situations&nbsp;:<\/strong><\/p>\n\n\n\n<h2 class=\"wp-block-heading\"><strong>Une th\u00e9rapie de couple pour temps de&nbsp;crise<\/strong><\/h2>\n\n\n\n<p>Installation sous le m\u00eame toit, mariage, pre\u00admi\u00e8re nais\u00adsance, \u00e9du\u00adca\u00adtion des enfants, retraite, d\u00e9part des enfants\u2026, les grandes \u00e9tapes de la vie d\u2019un couple peuvent \u00eatre d\u00e9sta\u00adbi\u00adli\u00adsantes et sont sou\u00advent des occa\u00adsions de ren\u00e9\u00adgo\u00adcier le contrat impli\u00adcite qui lie les deux conjoints. Il arrive aus\u00adsi que, le temps pas\u00adsant, le couple perde son \u00e9ner\u00adgie, se d\u00e9vi\u00adta\u00adlise&nbsp;: le couple paren\u00adtal prend le pas sur le couple conju\u00adgal, <strong>les conjoints ont l\u2019impression d\u2019\u00eatre des colo\u00adca\u00adtaires<\/strong> plu\u00adt\u00f4t qu\u2019un couple vivant. Quant aux dif\u00adfi\u00adcul\u00adt\u00e9s qui peuvent \u00eatre ren\u00adcon\u00adtr\u00e9es (mau\u00advaise com\u00admu\u00adni\u00adca\u00adtion, <strong>dis\u00adputes fr\u00e9\u00adquentes<\/strong>, infi\u00add\u00e9\u00adli\u00adt\u00e9s, jalou\u00adsie exces\u00adsive, insa\u00adtis\u00adfac\u00adtion sexuelle, <strong>manque de d\u00e9sir<\/strong>, infer\u00adti\u00adli\u00adt\u00e9, inter\u00adro\u00adga\u00adtions sur la p\u00e9ren\u00adni\u00adt\u00e9 de l\u2019union\u2026), elles se r\u00e9solvent plus faci\u00adle\u00adment avec l\u2019accompagnement d\u2019un th\u00e9\u00adra\u00adpeute de couple.<\/p>\n\n\n\n<p>Une th\u00e9\u00adra\u00adpie de couple ne vise pas \u00e0 d\u00e9si\u00adgner <strong>une vic\u00adtime et un cou\u00adpable<\/strong> ni \u00e0 \u00ab&nbsp;comp\u00adter les points&nbsp;\u00bb&nbsp;; au contraire&nbsp;: sans prendre par\u00adti, le psy de couple va cher\u00adcher \u00e0 mettre \u00e0 jour les pro\u00adces\u00adsus qui sous-tendent les inter\u00adac\u00adtions douloureuses.<\/p>\n\n\n\n<h3 class=\"wp-block-heading\"><strong>Une th\u00e9rapie de couple pour renforcer la relation<\/strong><\/h3>\n\n\n\n<p>Certains couples, alors qu\u2019ils vont bien, peuvent aus\u00adsi vou\u00adloir se faire accom\u00adpa\u00adgner pour ren\u00adfor\u00adcer leur rela\u00adtion. Une psy\u00adcho\u00adth\u00e9\u00adra\u00adpie de couple peut en effet viser \u00e0 <strong>enri\u00adchir l\u2019intimit\u00e9<\/strong>, <strong>am\u00e9\u00adlio\u00adrer la com\u00admu\u00adni\u00adca\u00adtion<\/strong> et la com\u00adpr\u00e9\u00adhen\u00adsion mutuelle, expri\u00admer ses besoins et accep\u00adter ceux de l\u2019autre, \u00e9la\u00adbo\u00adrer des r\u00e8gles com\u00admunes, rendre plus fluides les oscil\u00adla\u00adtions entre fusion et dif\u00adf\u00e9\u00adren\u00adcia\u00adtion, <strong>retrou\u00adver le bon\u00adheur de vivre ensemble<\/strong>\u2026<\/p>\n\n\n\n<h3 class=\"wp-block-heading\"><strong>Une th\u00e9rapie de couple pour faire le&nbsp;point<\/strong><\/h3>\n\n\n\n<p>Enfin, une th\u00e9\u00adra\u00adpie de couple peut aus\u00adsi offrir un cadre pour <strong>peser la d\u00e9ci\u00adsion de conti\u00adnuer ensemble ou de se s\u00e9pa\u00adrer<\/strong>. Dans ce der\u00adnier cas, le th\u00e9\u00adra\u00adpeute de couple peut accom\u00adpa\u00adgner une s\u00e9pa\u00adra\u00adtion en limi\u00adtant les dom\u00admages. Si le couple \u00e9l\u00e8ve ses enfants, le th\u00e9\u00adra\u00adpeute veille\u00adra notam\u00adment \u00e0 ce que le couple paren\u00adtal (alliance entre les deux parents) sur\u00advive apr\u00e8s la fin du couple conjugal.<\/p>\n\n\n\n<h3 class=\"wp-block-heading\"><strong>D\u00e9roulement d\u2019une th\u00e9rapie de couple<\/strong><\/h3>\n\n\n\n<p>Lors d\u2019une psy\u00adcho\u00adth\u00e9\u00adra\u00adpie de couple, je re\u00e7ois tou\u00adjours les deux conjoints en m\u00eame temps. Chacun peut expri\u00admer ce qu\u2019il attend de la th\u00e9\u00adra\u00adpie. Ensemble, vous dis\u00adpo\u00adse\u00adrez ensuite de <strong>temps pour vous par\u00adler en pr\u00e9\u00adsence d\u2019un tiers<\/strong> neutre et bien\u00adveillant&nbsp;: un th\u00e9\u00adra\u00adpeute de couple n\u2019est pas l\u00e0 pour vous juger ni prendre par\u00adti mais pour faci\u00adli\u00adter l\u2019expression de vos res\u00adsen\u00adtis et de vos besoins. Progressivement, le dia\u00adlogue peut se renouer, le sens des r\u00e9p\u00e9\u00adti\u00adtions v\u00e9cues par le couple appa\u00adra\u00eet, la qua\u00adli\u00adt\u00e9 de la com\u00adpr\u00e9\u00adhen\u00adsion mutuelle s\u2019am\u00e9liore et <strong>l\u2019envie de \u00ab&nbsp;faire ensemble&nbsp;\u00bb rena\u00eet<\/strong>. Je vous pro\u00adpo\u00adse\u00adrai aus\u00adsi des exp\u00e9\u00adri\u00admen\u00adta\u00adtions visant \u00e0 <strong>faire \u00e9mer\u00adger des prises de conscience et de nou\u00advelles fa\u00e7ons de faire<\/strong>.<br>Les th\u00e9\u00adra\u00adpies de couple sont g\u00e9n\u00e9\u00adra\u00adle\u00adment plus br\u00e8ves que les <a href=\"https:\/\/antoine-blouet-psychotherapie.fr\/index.php\/ma-pratique-de-la-psychotherapie\/\">psy\u00adcho\u00adth\u00e9\u00adra\u00adpies indi\u00advi\u00adduelles<\/a> et les s\u00e9ances sont plus espa\u00adc\u00e9es (id\u00e9a\u00adle\u00adment toutes les deux ou trois semaines) afin de lais\u00adser aux conjoints le temps d\u2019assimiler \u00e0 deux les chan\u00adge\u00adments en&nbsp;cours.<\/p>\n\n\n\n<h3 class=\"wp-block-heading\"><strong>Tarif et remboursement<\/strong><\/h3>\n\n\n\n<p>Le tarif est de 120 euros pour une s\u00e9ance de psy\u00adcho\u00adth\u00e9\u00adra\u00adpie de couple d\u2019une dur\u00e9e d\u20191 heure 30. <br>Certaines mutuelles rem\u00adboursent par\u00adtiel\u00adle\u00adment les th\u00e9\u00adra\u00adpies de couple (notam\u00adment sous l\u2019appellation \u00ab&nbsp;M\u00e9decine douce non conven\u00adtion\u00adn\u00e9e&nbsp;\u00bb) ; ren\u00adsei\u00adgnez-vous aupr\u00e8s de la v\u00f4tre et, le cas \u00e9ch\u00e9ant, je vous four\u00adni\u00adrai les jus\u00adti\u00adfi\u00adca\u00adtifs utiles.&nbsp;<br>N\u2019h\u00e9sitez pas \u00e0 me t\u00e9l\u00e9\u00adpho\u00adner pour plus de ren\u00adsei\u00adgne\u00adments ou pour <strong>prendre un ren\u00addez-vous<\/strong> (voir <a href=\"https:\/\/antoine-blouet-psychotherapie.fr\/index.php\/contact-et-acces-a-mon-cabinet\/\">contact<\/a>).<\/p>\n","protected":false},"excerpt":{"rendered":"<p>Le couple peut \u00eatre une source de bon\u00adheur, d\u2019\u00e9panouissement et de s\u00e9cu\u00adri\u00adt\u00e9, un lieu pour se r\u00e9a\u00adli\u00adser. Mais il arrive aus\u00adsi que la rela\u00adtion se d\u00e9grade et que le para\u00addis com\u00admence \u00e0 res\u00adsem\u00adbler \u00e0 l\u2019enfer. Les reproches s\u2019accumulent, le dia\u00adlogue se crispe, la dis\u00adtance se creuse, des fonc\u00adtion\u00adne\u00adments r\u00e9p\u00e9\u00adti\u00adtifs et non-satis\u00ad\u00adfai\u00ad\u00adsants s\u2019installent. Il devient dif\u00adfi\u00adcile, \u2026 <a href=\"https:\/\/antoine-blouet-psychotherapie.fr\/index.php\/therapie-de-couple-velizy-chaville\/\" class=\"more-link\">Continuer la lec\u00adture de <span class=\"screen-reader-text\">Th\u00e9rapie de couple<\/span><\/a><\/p>\n","protected":false},"author":1,"featured_media":0,"parent":0,"menu_order":0,"comment_status":"closed","ping_status":"closed","template":"","meta":{"wp_typography_post_enhancements_disabled":false,"footnotes":""},"class_list":["post-329","page","type-page","status-publish","hentry"],"yoast_head":"<!-- This site is optimized with the Yoast SEO plugin v27.5 - https:\/\/yoast.com\/product\/yoast-seo-wordpress\/ -->\n<title>Th\u00e9rapie de couple \u00e0 V\u00e9lizy et Chaville<\/title>\n<meta name=\"description\" content=\"Une th\u00e9rapie de couple vise \u00e0 renouer le dialogue, \u00e0 sortir des sch\u00e9mas r\u00e9p\u00e9titifs, \u00e0 renforcer la relation et \u00e0 retrouver l\u2019envie.\" \/>\n<meta name=\"robots\" content=\"index, follow, max-snippet:-1, max-image-preview:large, max-video-preview:-1\" \/>\n<link rel=\"canonical\" href=\"https:\/\/antoine-blouet-psychotherapie.fr\/index.php\/therapie-de-couple-velizy-chaville\/\" \/>\n<meta property=\"og:locale\" content=\"fr_FR\" \/>\n<meta property=\"og:type\" content=\"article\" \/>\n<meta property=\"og:title\" content=\"Th\u00e9rapie de couple \u00e0 V\u00e9lizy et Chaville\" \/>\n<meta property=\"og:description\" content=\"Une th\u00e9rapie de couple vise \u00e0 renouer le dialogue, \u00e0 sortir des sch\u00e9mas r\u00e9p\u00e9titifs, \u00e0 renforcer la relation et \u00e0 retrouver l\u2019envie.\" \/>\n<meta property=\"og:url\" content=\"https:\/\/antoine-blouet-psychotherapie.fr\/index.php\/therapie-de-couple-velizy-chaville\/\" \/>\n<meta property=\"og:site_name\" content=\"Antoine Blouet Psychoth\u00e9rapie\" \/>\n<meta property=\"article:modified_time\" content=\"2025-09-03T12:16:57+00:00\" \/>\n<meta property=\"og:image\" content=\"https:\/\/antoine-blouet-psychotherapie.fr\/wp-content\/uploads\/2017\/09\/Therapie-de-couple-velizy-versailles-chaville-viroflay-e1507648607906.jpg\" \/>\n\t<meta property=\"og:image:width\" content=\"650\" \/>\n\t<meta property=\"og:image:height\" content=\"432\" \/>\n\t<meta property=\"og:image:type\" content=\"image\/jpeg\" \/>\n<meta name=\"twitter:card\" content=\"summary_large_image\" \/>\n<meta name=\"twitter:label1\" content=\"Dur\u00e9e de lecture estim\u00e9e\" \/>\n\t<meta name=\"twitter:data1\" content=\"4 minutes\" \/>\n<script type=\"application\/ld+json\" class=\"yoast-schema-graph\">{\"@context\":\"https:\\\/\\\/schema.org\",\"@graph\":[{\"@type\":\"WebPage\",\"@id\":\"https:\\\/\\\/antoine-blouet-psychotherapie.fr\\\/index.php\\\/therapie-de-couple-velizy-chaville\\\/\",\"url\":\"https:\\\/\\\/antoine-blouet-psychotherapie.fr\\\/index.php\\\/therapie-de-couple-velizy-chaville\\\/\",\"name\":\"Th\u00e9rapie de couple \u00e0 V\u00e9lizy et Chaville\",\"isPartOf\":{\"@id\":\"https:\\\/\\\/antoine-blouet-psychotherapie.fr\\\/#website\"},\"primaryImageOfPage\":{\"@id\":\"https:\\\/\\\/antoine-blouet-psychotherapie.fr\\\/index.php\\\/therapie-de-couple-velizy-chaville\\\/#primaryimage\"},\"image\":{\"@id\":\"https:\\\/\\\/antoine-blouet-psychotherapie.fr\\\/index.php\\\/therapie-de-couple-velizy-chaville\\\/#primaryimage\"},\"thumbnailUrl\":\"https:\\\/\\\/antoine-blouet-psychotherapie.fr\\\/wp-content\\\/uploads\\\/2017\\\/09\\\/Therapie-de-couple-velizy-versailles-chaville-viroflay-300x199.jpg\",\"datePublished\":\"2017-10-10T14:05:24+00:00\",\"dateModified\":\"2025-09-03T12:16:57+00:00\",\"description\":\"Une th\u00e9rapie de couple vise \u00e0 renouer le dialogue, \u00e0 sortir des sch\u00e9mas r\u00e9p\u00e9titifs, \u00e0 renforcer la relation et \u00e0 retrouver l\u2019envie.\",\"breadcrumb\":{\"@id\":\"https:\\\/\\\/antoine-blouet-psychotherapie.fr\\\/index.php\\\/therapie-de-couple-velizy-chaville\\\/#breadcrumb\"},\"inLanguage\":\"fr-FR\",\"potentialAction\":[{\"@type\":\"ReadAction\",\"target\":[\"https:\\\/\\\/antoine-blouet-psychotherapie.fr\\\/index.php\\\/therapie-de-couple-velizy-chaville\\\/\"]}]},{\"@type\":\"ImageObject\",\"inLanguage\":\"fr-FR\",\"@id\":\"https:\\\/\\\/antoine-blouet-psychotherapie.fr\\\/index.php\\\/therapie-de-couple-velizy-chaville\\\/#primaryimage\",\"url\":\"https:\\\/\\\/antoine-blouet-psychotherapie.fr\\\/wp-content\\\/uploads\\\/2017\\\/09\\\/Therapie-de-couple-velizy-versailles-chaville-viroflay-e1507648607906.jpg\",\"contentUrl\":\"https:\\\/\\\/antoine-blouet-psychotherapie.fr\\\/wp-content\\\/uploads\\\/2017\\\/09\\\/Therapie-de-couple-velizy-versailles-chaville-viroflay-e1507648607906.jpg\",\"width\":650,\"height\":432,\"caption\":\"Th\u00e9rapie de couple Versailles V\u00e9lizy Viroflay Chaville\"},{\"@type\":\"BreadcrumbList\",\"@id\":\"https:\\\/\\\/antoine-blouet-psychotherapie.fr\\\/index.php\\\/therapie-de-couple-velizy-chaville\\\/#breadcrumb\",\"itemListElement\":[{\"@type\":\"ListItem\",\"position\":1,\"name\":\"Accueil\",\"item\":\"https:\\\/\\\/antoine-blouet-psychotherapie.fr\\\/\"},{\"@type\":\"ListItem\",\"position\":2,\"name\":\"Th\u00e9rapie de couple\"}]},{\"@type\":\"WebSite\",\"@id\":\"https:\\\/\\\/antoine-blouet-psychotherapie.fr\\\/#website\",\"url\":\"https:\\\/\\\/antoine-blouet-psychotherapie.fr\\\/\",\"name\":\"Antoine Blouet Psychoth\u00e9rapie\",\"description\":\"Se faire accompagner, un pas vers le changement\",\"potentialAction\":[{\"@type\":\"SearchAction\",\"target\":{\"@type\":\"EntryPoint\",\"urlTemplate\":\"https:\\\/\\\/antoine-blouet-psychotherapie.fr\\\/?s={search_term_string}\"},\"query-input\":{\"@type\":\"PropertyValueSpecification\",\"valueRequired\":true,\"valueName\":\"search_term_string\"}}],\"inLanguage\":\"fr-FR\"}]}<\/script>\n<!-- \/ Yoast SEO plugin. -->","yoast_head_json":{"title":"Th\u00e9rapie de couple \u00e0 V\u00e9lizy et Chaville","description":"Une th\u00e9rapie de couple vise \u00e0 renouer le dialogue, \u00e0 sortir des sch\u00e9mas r\u00e9p\u00e9titifs, \u00e0 renforcer la relation et \u00e0 retrouver l\u2019envie.","robots":{"index":"index","follow":"follow","max-snippet":"max-snippet:-1","max-image-preview":"max-image-preview:large","max-video-preview":"max-video-preview:-1"},"canonical":"https:\/\/antoine-blouet-psychotherapie.fr\/index.php\/therapie-de-couple-velizy-chaville\/","og_locale":"fr_FR","og_type":"article","og_title":"Th\u00e9rapie de couple \u00e0 V\u00e9lizy et Chaville","og_description":"Une th\u00e9rapie de couple vise \u00e0 renouer le dialogue, \u00e0 sortir des sch\u00e9mas r\u00e9p\u00e9titifs, \u00e0 renforcer la relation et \u00e0 retrouver l\u2019envie.","og_url":"https:\/\/antoine-blouet-psychotherapie.fr\/index.php\/therapie-de-couple-velizy-chaville\/","og_site_name":"Antoine Blouet Psychoth\u00e9rapie","article_modified_time":"2025-09-03T12:16:57+00:00","og_image":[{"width":650,"height":432,"url":"https:\/\/antoine-blouet-psychotherapie.fr\/wp-content\/uploads\/2017\/09\/Therapie-de-couple-velizy-versailles-chaville-viroflay-e1507648607906.jpg","type":"image\/jpeg"}],"twitter_card":"summary_large_image","twitter_misc":{"Dur\u00e9e de lecture estim\u00e9e":"4 minutes"},"schema":{"@context":"https:\/\/schema.org","@graph":[{"@type":"WebPage","@id":"https:\/\/antoine-blouet-psychotherapie.fr\/index.php\/therapie-de-couple-velizy-chaville\/","url":"https:\/\/antoine-blouet-psychotherapie.fr\/index.php\/therapie-de-couple-velizy-chaville\/","name":"Th\u00e9rapie de couple \u00e0 V\u00e9lizy et Chaville","isPartOf":{"@id":"https:\/\/antoine-blouet-psychotherapie.fr\/#website"},"primaryImageOfPage":{"@id":"https:\/\/antoine-blouet-psychotherapie.fr\/index.php\/therapie-de-couple-velizy-chaville\/#primaryimage"},"image":{"@id":"https:\/\/antoine-blouet-psychotherapie.fr\/index.php\/therapie-de-couple-velizy-chaville\/#primaryimage"},"thumbnailUrl":"https:\/\/antoine-blouet-psychotherapie.fr\/wp-content\/uploads\/2017\/09\/Therapie-de-couple-velizy-versailles-chaville-viroflay-300x199.jpg","datePublished":"2017-10-10T14:05:24+00:00","dateModified":"2025-09-03T12:16:57+00:00","description":"Une th\u00e9rapie de couple vise \u00e0 renouer le dialogue, \u00e0 sortir des sch\u00e9mas r\u00e9p\u00e9titifs, \u00e0 renforcer la relation et \u00e0 retrouver l\u2019envie.","breadcrumb":{"@id":"https:\/\/antoine-blouet-psychotherapie.fr\/index.php\/therapie-de-couple-velizy-chaville\/#breadcrumb"},"inLanguage":"fr-FR","potentialAction":[{"@type":"ReadAction","target":["https:\/\/antoine-blouet-psychotherapie.fr\/index.php\/therapie-de-couple-velizy-chaville\/"]}]},{"@type":"ImageObject","inLanguage":"fr-FR","@id":"https:\/\/antoine-blouet-psychotherapie.fr\/index.php\/therapie-de-couple-velizy-chaville\/#primaryimage","url":"https:\/\/antoine-blouet-psychotherapie.fr\/wp-content\/uploads\/2017\/09\/Therapie-de-couple-velizy-versailles-chaville-viroflay-e1507648607906.jpg","contentUrl":"https:\/\/antoine-blouet-psychotherapie.fr\/wp-content\/uploads\/2017\/09\/Therapie-de-couple-velizy-versailles-chaville-viroflay-e1507648607906.jpg","width":650,"height":432,"caption":"Th\u00e9rapie de couple Versailles V\u00e9lizy Viroflay Chaville"},{"@type":"BreadcrumbList","@id":"https:\/\/antoine-blouet-psychotherapie.fr\/index.php\/therapie-de-couple-velizy-chaville\/#breadcrumb","itemListElement":[{"@type":"ListItem","position":1,"name":"Accueil","item":"https:\/\/antoine-blouet-psychotherapie.fr\/"},{"@type":"ListItem","position":2,"name":"Th\u00e9rapie de couple"}]},{"@type":"WebSite","@id":"https:\/\/antoine-blouet-psychotherapie.fr\/#website","url":"https:\/\/antoine-blouet-psychotherapie.fr\/","name":"Antoine Blouet Psychoth\u00e9rapie","description":"Se faire accompagner, un pas vers le changement","potentialAction":[{"@type":"SearchAction","target":{"@type":"EntryPoint","urlTemplate":"https:\/\/antoine-blouet-psychotherapie.fr\/?s={search_term_string}"},"query-input":{"@type":"PropertyValueSpecification","valueRequired":true,"valueName":"search_term_string"}}],"inLanguage":"fr-FR"}]}},"_links":{"self":[{"href":"https:\/\/antoine-blouet-psychotherapie.fr\/index.php\/wp-json\/wp\/v2\/pages\/329","targetHints":{"allow":["GET"]}}],"collection":[{"href":"https:\/\/antoine-blouet-psychotherapie.fr\/index.php\/wp-json\/wp\/v2\/pages"}],"about":[{"href":"https:\/\/antoine-blouet-psychotherapie.fr\/index.php\/wp-json\/wp\/v2\/types\/page"}],"author":[{"embeddable":true,"href":"https:\/\/antoine-blouet-psychotherapie.fr\/index.php\/wp-json\/wp\/v2\/users\/1"}],"replies":[{"embeddable":true,"href":"https:\/\/antoine-blouet-psychotherapie.fr\/index.php\/wp-json\/wp\/v2\/comments?post=329"}],"version-history":[{"count":34,"href":"https:\/\/antoine-blouet-psychotherapie.fr\/index.php\/wp-json\/wp\/v2\/pages\/329\/revisions"}],"predecessor-version":[{"id":728,"href":"https:\/\/antoine-blouet-psychotherapie.fr\/index.php\/wp-json\/wp\/v2\/pages\/329\/revisions\/728"}],"wp:attachment":[{"href":"https:\/\/antoine-blouet-psychotherapie.fr\/index.php\/wp-json\/wp\/v2\/media?parent=329"}],"curies":[{"name":"wp","href":"https:\/\/api.w.org\/{rel}","templated":true}]}}