{"id":2,"date":"2016-05-10T03:48:21","date_gmt":"2016-05-10T03:48:21","guid":{"rendered":"http:\/\/wp452m.a10-52-158-154.qa.plesk.ru\/wordpress\/?page_id=2"},"modified":"2025-09-04T13:25:30","modified_gmt":"2025-09-04T13:25:30","slug":"sample-page","status":"publish","type":"page","link":"https:\/\/antoine-blouet-psychotherapie.fr\/","title":{"rendered":"Accueil"},"content":{"rendered":"\n<p class=\"has-text-align-left\">Ne res\u00adtez pas seul(e) face \u00e0 vos souf\u00adfrances et vos ques\u00adtions sans r\u00e9ponse. Je re\u00e7ois les adultes et les couples en <strong>psy\u00adcho\u00adth\u00e9\u00adra\u00adpie \u00e0 V\u00e9lizy proche Chaville<\/strong>. Je vous pro\u00adpose de vous accom\u00adpa\u00adgner pour tra\u00adver\u00adser vos dif\u00adfi\u00adcul\u00adt\u00e9s \u00e0 vivre, aimer et travailler.<\/p>\n\n\n\n<figure class=\"wp-block-image is-resized\"><img loading=\"lazy\" decoding=\"async\" width=\"300\" height=\"225\" src=\"https:\/\/antoine-blouet-psychotherapie.fr\/wp-content\/uploads\/2017\/09\/Psychotherapeute-velizy-versailles-chaville-viroflay-300x225.jpg\" alt=\"Psychoth\u00e9rapie V\u00e9lizy Versailles Chaville Viroflay\" class=\"wp-image-286\" style=\"width:423px;height:auto\"><\/figure>\n\n\n\n<p class=\"has-text-align-left\"><br><br>Ce site est des\u00adti\u00adn\u00e9 \u00e0 vous pr\u00e9\u00adsen\u00adter mon acti\u00advi\u00adt\u00e9 de th\u00e9\u00adra\u00adpeute mais \u00e9ga\u00adle\u00adment \u00e0 r\u00e9pondre aux <a href=\"https:\/\/antoine-blouet-psychotherapie.fr\/#questions_sur_la_psychotherapie\">ques\u00adtions<\/a> que vous pou\u00advez vous poser si vous envi\u00adsa\u00adgez de com\u00admen\u00adcer une psychoth\u00e9rapie.<\/p>\n\n\n\n<h2 class=\"wp-block-heading has-text-align-left\">S\u00e9ances de psychoth\u00e9rapie \u00e0 V\u00e9lizy \u2013 Chaville<\/h2>\n\n\n\n<p class=\"has-text-align-left\">Je re\u00e7ois les adultes en <strong><a href=\"https:\/\/antoine-blouet-psychotherapie.fr\/index.php\/ma-pratique-de-la-psychotherapie\/\">psy\u00adcho\u00adth\u00e9\u00adra\u00adpie indi\u00advi\u00adduelle<\/a><\/strong> et pour des <strong><a href=\"https:\/\/antoine-blouet-psychotherapie.fr\/index.php\/therapie-de-couple\/\">th\u00e9\u00adra\u00adpies de couples<\/a><\/strong>.<\/p>\n\n\n\n<p class=\"has-text-align-left\"><strong>Mon cabi\u00adnet se situe \u00e0 V\u00e9lizy<\/strong>, \u00e0 la limite de Chaville, pr\u00e8s de la gare de Chaville-V\u00e9lizy (<span class=\"caps\">RER<\/span> C). Il est faci\u00adle\u00adment acces\u00adsible depuis toute la ban\u00adlieue sud-ouest de Paris, \u00e0 proxi\u00admi\u00adt\u00e9 de Versailles, Viroflay, Meudon, Boulogne, Ch\u00e2tenay-Malabry, S\u00e8vres, Jouy-en-Josas et Clamart (voir <a href=\"https:\/\/antoine-blouet-psychotherapie.fr\/index.php\/contact-et-acces-a-mon-cabinet\/\">Contact et acc\u00e8s<\/a>).<\/p>\n\n\n\n<p class=\"has-text-align-left\">Je re\u00e7ois de 9 heures \u00e0 20 heures du lun\u00addi au ven\u00addre\u00addi. Je pro\u00adpose \u00e9ga\u00adle\u00adment des s\u00e9ances en visio mais seule\u00adment apr\u00e8s avoir d\u00e9bu\u00adt\u00e9 le tra\u00advail en face \u00e0&nbsp;face.&nbsp;<\/p>\n\n\n\n<p class=\"has-text-align-left\">Je pra\u00adtique la <a href=\"https:\/\/antoine-blouet-psychotherapie.fr\/index.php\/quest-ce-que-la-gestalt-therapie\/\"><strong>Gestalt-th\u00e9\u00adra\u00adpie<\/strong><\/a>, une forme de psy\u00adcho\u00adth\u00e9\u00adra\u00adpie qui mobi\u00adlise l\u2019ensemble de la per\u00adsonne dans ses dimen\u00adsions intel\u00adlec\u00adtuelle et cog\u00adni\u00adtive mais aus\u00adsi affec\u00adtive, \u00e9mo\u00adtion\u00adnelle et corporelle.<\/p>\n\n\n\n<p class=\"has-text-align-left\">Cette th\u00e9\u00adra\u00adpie faci\u00adlite le chan\u00adge\u00adment par l\u2019exp\u00e9rimentation&nbsp;: com\u00adprendre ses dif\u00adfi\u00adcul\u00adt\u00e9s ne suf\u00adfit pas \u00e0 les sur\u00admon\u00adter, c\u2019est pour\u00adquoi je vous pro\u00adpo\u00adse\u00adrai d\u2019explorer de nou\u00advelles fa\u00e7ons de faire et d\u2019\u00eatre. Progressivement, des chan\u00adge\u00adments se mettent en place et s\u2019inscrivent en profondeur.<\/p>\n\n\n\n<p class=\"has-text-align-left\">N\u2019h\u00e9sitez pas \u00e0 me t\u00e9l\u00e9\u00adpho\u00adner pour plus de ren\u00adsei\u00adgne\u00adments ou pour prendre un ren\u00addez-vous (voir <a href=\"https:\/\/antoine-blouet-psychotherapie.fr\/index.php\/contact-et-acces-a-mon-cabinet\/\">Contact et acc\u00e8s<\/a>).<\/p>\n\n\n\n<h3 class=\"wp-block-heading\" id=\"questions_sur_la_psychotherapie\"><strong>4 questions sur la psychoth\u00e9rapie<\/strong><\/h3>\n\n\n<div class=\"wp-block-image\">\n<figure class=\"alignleft\"><img loading=\"lazy\" decoding=\"async\" width=\"300\" height=\"262\" src=\"https:\/\/antoine-blouet-psychotherapie.fr\/wp-content\/uploads\/2017\/09\/Psychotherapeute-velizy-versailles-chaville-viroflay-300x262.png\" alt=\"Blouet psychoth\u00e9rapeute V\u00e9lizy Versailles Chaville Viroflay\" class=\"wp-image-294\" srcset=\"https:\/\/antoine-blouet-psychotherapie.fr\/wp-content\/uploads\/2017\/09\/Psychotherapeute-velizy-versailles-chaville-viroflay-300x262.png 300w, https:\/\/antoine-blouet-psychotherapie.fr\/wp-content\/uploads\/2017\/09\/Psychotherapeute-velizy-versailles-chaville-viroflay.png 640w\" sizes=\"auto, (max-width: 300px) 100vw, 300px\"><\/figure>\n<\/div>\n\n\n<h4 class=\"wp-block-heading\"><strong>Une psychoth\u00e9rapie, qu\u2019est-ce que c\u2019est au&nbsp;juste&nbsp;?<\/strong><\/h4>\n\n\n\n<p><strong>Une psy\u00adcho\u00adth\u00e9\u00adra\u00adpie est une rela\u00adtion d\u2019aide<\/strong>, c\u2019est l\u2019accompagnement d\u2019une per\u00adsonne pour am\u00e9\u00adlio\u00adrer son bien-\u00eatre psy\u00adchique et phy\u00adsique ou c\u2019est l\u2019accompagnement d\u2019un couple pour l\u2019aider \u00e0 (re)trouver un \u00e9qui\u00adlibre satis\u00adfai\u00adsant. Une psy\u00adcho\u00adth\u00e9\u00adra\u00adpie s\u2019appuie en g\u00e9n\u00e9\u00adral sur une rela\u00adtion inter\u00adper\u00adson\u00adnelle dans un cadre s\u00e9cu\u00adri\u00adsant (confi\u00adden\u00adtia\u00adli\u00adt\u00e9, bien\u00adveillance, d\u00e9on\u00adto\u00adlo\u00adgie, enga\u00adge\u00adment mutuel\u2026).<\/p>\n\n\n\n<h4 class=\"wp-block-heading\"><strong>Une psychoth\u00e9rapie, pourquoi, pour&nbsp;qui&nbsp;?<\/strong><\/h4>\n\n\n\n<p>On se tourne sou\u00advent vers la psy\u00adcho\u00adth\u00e9\u00adra\u00adpie dans <strong>un moment de crise<\/strong> dans sa vie affec\u00adtive ou pro\u00adfes\u00adsion\u00adnelle, mais <strong>une souf\u00adfrance psy\u00adchique chro\u00adnique<\/strong> ou un symp\u00adt\u00f4me r\u00e9cur\u00adrent sont aus\u00adsi des rai\u00adsons de se faire accom\u00adpa\u00adgner par un&nbsp;psy.<\/p>\n\n\n\n<p>De m\u00eame, une <strong><a href=\"https:\/\/antoine-blouet-psychotherapie.fr\/index.php\/therapie-de-couple-velizy-chaville\/\">th\u00e9\u00adra\u00adpie de couple<\/a><\/strong> peut aider \u00e0 fran\u00adchir un cap dif\u00adfi\u00adcile mais peut \u00e9ga\u00adle\u00adment per\u00admettre d\u2019am\u00e9liorer et d\u2019enrichir la rela\u00adtion conjugale.<\/p>\n\n\n\n<p>Voici <strong>des exemples de rai\u00adsons pour com\u00admen\u00adcer une psychoth\u00e9rapie&nbsp;:<\/strong><\/p>\n\n\n\n<ul class=\"wp-block-list\">\n<li>Difficult\u00e9s rela\u00adtion\u00adnelles (vie amou\u00adreuse, sociale, pro\u00adfes\u00adsion\u00adnelle\u2026)&nbsp;: timi\u00addi\u00adt\u00e9, \u00e9checs \u00e0 r\u00e9p\u00e9\u00adti\u00adtion, obsessions\u2026<\/li>\n\n\n\n<li>D\u00e9pression, d\u00e9prime r\u00e9cur\u00adrente, tris\u00adtesse sans&nbsp;cause<\/li>\n\n\n\n<li>Angoisse et anxi\u00e9\u00adt\u00e9, stress exces\u00adsif, peurs chro\u00adniques, crises de panique<\/li>\n\n\n\n<li>Souffrances au tra\u00advail, burn-out<\/li>\n\n\n\n<li>Addictions (alcool, tabac, jeux vid\u00e9os\u2026)<\/li>\n\n\n\n<li>Phobies<\/li>\n\n\n\n<li>Manque d\u2019estime de soi, de confiance en soi, pro\u00adbl\u00e8mes d\u2019image, affir\u00adma\u00adtion de soi, syn\u00addrome de l\u2019imposteur<\/li>\n\n\n\n<li>Conduites r\u00e9p\u00e9\u00adti\u00adtives<\/li>\n\n\n\n<li>Sentiment de&nbsp;honte<\/li>\n\n\n\n<li>Solitude, repli sur&nbsp;soi<\/li>\n\n\n\n<li>Difficult\u00e9s sexuelles<\/li>\n\n\n\n<li>Franchissement des grandes \u00e9tapes de la vie (deve\u00adnir adulte, prendre sa retraite, vieillir\u2026)<\/li>\n\n\n\n<li>Crise de vie (deuil, s\u00e9pa\u00adra\u00adtion, ch\u00f4\u00admage, recon\u00adver\u00adsion, retraite\u2026)<\/li>\n\n\n\n<li>Crise de couple, conflits conju\u00adgaux (il faut alors s\u2019in\u00adter\u00adro\u00adger sur le choix entre th\u00e9\u00adra\u00adpie indi\u00advi\u00adduelle et <a href=\"https:\/\/antoine-blouet-psychotherapie.fr\/index.php\/therapie-de-couple-velizy-chaville\/\"><strong>th\u00e9\u00adra\u00adpie de couple<\/strong><\/a>)<\/li>\n\n\n\n<li>Violences fami\u00adliales ou conjugales<\/li>\n\n\n\n<li>Questionnement exis\u00adten\u00adtiel (qu\u00eate de sens, finitude\u2026)<\/li>\n\n\n\n<li>Sentiment d\u2019un manque d\u2019\u00e9panouissement per\u00adson\u00adnel, mal-\u00eatre, sen\u00adti\u00adment de vide, de manque d\u2019\u00e9nergie et de motivation\u2026<\/li>\n\n\n\n<li>Troubles du com\u00adpor\u00adte\u00adment ali\u00admen\u00adtaire (bou\u00adli\u00admie, ano\u00adrexie, ortho\u00adrexie, pro\u00adbl\u00e8mes de&nbsp;poids\u2026)<\/li>\n\n\n\n<li>Insomnies, cau\u00adche\u00admars r\u00e9currents<\/li>\n\n\n\n<li>Troubles psy\u00adcho\u00adso\u00adma\u00adtiques, dou\u00adleurs sans causes identifi\u00e9es<\/li>\n\n\n\n<li>Troubles de la personnalit\u00e9<\/li>\n\n\n\n<li>Absence ou exc\u00e8s d\u2019\u00e9motions<\/li>\n\n\n\n<li>Traumatismes, stress post-traumatique<\/li>\n\n\n\n<li>Difficult\u00e9s \u00e0 communiquer<\/li>\n\n\n\n<li>D\u00e9pendance affec\u00adtive, angoisse d\u2019abandon ou de rejet, jalou\u00adsie, emprise<\/li>\n\n\n\n<li>Difficult\u00e9 \u00e0 faire des&nbsp;choix<\/li>\n\n\n\n<li>Sentiment de ne pas pou\u00advoir prendre sa place, mener sa vie, pro\u00adcras\u00adti\u00adna\u00adtion excessive<\/li>\n\n\n\n<li>Envie de trou\u00adver un meilleur \u00e9pa\u00adnouis\u00adse\u00adment dans sa vie per\u00adson\u00adnelle et professionnelle<\/li>\n<\/ul>\n\n\n\n<h4 class=\"wp-block-heading\"><strong>Comment se passe une psychoth\u00e9rapie&nbsp;?<\/strong><\/h4>\n\n\n\n<p>La dur\u00e9e et les moda\u00adli\u00adt\u00e9s d\u2019une psy\u00adcho\u00adth\u00e9\u00adra\u00adpie sont tr\u00e8s variables. Il existe des th\u00e9\u00adra\u00adpies cor\u00adpo\u00adrelles, d\u2019autres sont essen\u00adtiel\u00adle\u00adment ver\u00adbales. En ce qui me concerne, je pra\u00adtique la <a href=\"https:\/\/antoine-blouet-psychotherapie.fr\/index.php\/quest-ce-que-la-gestalt-therapie\/\">Gestalt-th\u00e9\u00adra\u00adpie<\/a> (voir aus\u00adsi <a href=\"https:\/\/antoine-blouet-psychotherapie.fr\/index.php\/ma-pratique-de-la-psychotherapie\/\">ma pra\u00adtique de la psy\u00adcho\u00adth\u00e9\u00adra\u00adpie<\/a>).<\/p>\n\n\n\n<h4 class=\"wp-block-heading\"><strong>Choisir une psychoth\u00e9rapie et un psychoth\u00e9rapeute<\/strong><\/h4>\n\n\n\n<p>Il existe un grand nombre de psy\u00adcho\u00adth\u00e9\u00adra\u00adpies&nbsp;: la psy\u00adcha\u00adna\u00adlyse, les m\u00e9thodes com\u00adpor\u00adte\u00admen\u00adtales, les psy\u00adcho\u00adth\u00e9\u00adra\u00adpies \u00ab&nbsp;huma\u00adnistes&nbsp;\u00bb \u2013 cou\u00adrant auquel se rat\u00adtache la Gestalt-th\u00e9\u00adra\u00adpie\u2026 Chaque cou\u00adrant a son int\u00e9\u00adr\u00eat mais l\u2019essentiel reste que vous puis\u00adsiez trou\u00adver le psy, le th\u00e9\u00adra\u00adpeute qui vous convient per\u00adson\u00adnel\u00adle\u00adment pour d\u00e9bu\u00adter le tra\u00advail.<br>Les orga\u00adni\u00adsa\u00adtions pro\u00adfes\u00adsion\u00adnelles de la Gestalt-th\u00e9\u00adra\u00adpie estiment qu\u2019un pro\u00adfes\u00adsion\u00adnel doit satis\u00adfaire \u00e0 <strong>5 cri\u00adt\u00e8res<\/strong>&nbsp;:<br>- Avoir lui-m\u00eame fait une psy\u00adcho\u00adth\u00e9\u00adra\u00adpie per\u00adson\u00adnelle appro\u00adfon\u00addie,<br>- Avoir sui\u00advi une for\u00adma\u00adtion longue (th\u00e9o\u00adrique, m\u00e9tho\u00addo\u00adlo\u00adgique et pra\u00adtique) aupr\u00e8s d\u2019un orga\u00adnisme de for\u00adma\u00adtion affi\u00adli\u00e9 \u00e0 une f\u00e9d\u00e9\u00adra\u00adtion pro\u00adfes\u00adsion\u00adnelle (Affop, <span class=\"caps\">FF2P<\/span>)(voir liste des \u00e9coles sur <a href=\"https:\/\/www.fpgt.fr\/page\/1702073-ecoles-de-gestalt-therapie\" target=\"_blank\" rel=\"noreferrer noopener\">cette page<\/a>),<br>- \u00catre en super\u00advi\u00adsion per\u00adma\u00adnente aupr\u00e8s d\u2019un pro\u00adfes\u00adsion\u00adnel qua\u00adli\u00adfi\u00e9 dans le domaine, et ce tout au long de sa pra\u00adtique pro\u00adfes\u00adsion\u00adnelle,<br>- Adh\u00e9rer \u00e0 une orga\u00adni\u00adsa\u00adtion pro\u00adfes\u00adsion\u00adnelle (<a href=\"https:\/\/www.affop.org\/\" target=\"_blank\" rel=\"noreferrer noopener\">Affop<\/a>, <a href=\"https:\/\/www.cegt.org\/\" target=\"_blank\" rel=\"noreferrer noopener\"><span class=\"caps\">CEG<\/span>\u2011t<\/a>, <a href=\"https:\/\/www.ff2p.fr\/\" target=\"_blank\" rel=\"noreferrer noopener\"><span class=\"caps\">FF2P<\/span><\/a>, <a href=\"https:\/\/www.fpgt.fr\/\" target=\"_blank\" rel=\"noreferrer noopener\"><span class=\"caps\">FPGT<\/span><\/a>, <a href=\"https:\/\/www.sfg-gestalt.com\/\" target=\"_blank\" rel=\"noreferrer noopener\"><span class=\"caps\">SFG<\/span><\/a>, <a href=\"https:\/\/www.snppsy.org\/\" target=\"_blank\" rel=\"noreferrer noopener\">SNPPsy<\/a>) dot\u00e9e d\u2019une com\u00admis\u00adsion et d\u2019un code d\u2019\u00e9\u00adthique et de d\u00e9on\u00adto\u00adlo\u00adgie enga\u00adgeant ses membres et aux\u00adquels les per\u00adsonnes accom\u00adpa\u00adgn\u00e9es peuvent avoir recours si besoin,<br>- Avoir obte\u00adnu une recon\u00adnais\u00adsance par ses pairs, c\u2019est-\u00e0-dire voir ses com\u00adp\u00e9\u00adtences recon\u00adnues par une asso\u00adcia\u00adtion natio\u00adnale de psy\u00adcho\u00adth\u00e9\u00adra\u00adpie (<span class=\"caps\">CEG<\/span>\u2011t, <span class=\"caps\">SFG<\/span>, SNPPsy, <span class=\"caps\">FF2P<\/span>), dis\u00adtincte de l\u2019\u00e9cole de formation.<\/p>\n","protected":false},"excerpt":{"rendered":"<p>Ne res\u00adtez pas seul(e) face \u00e0 vos souf\u00adfrances et vos ques\u00adtions sans r\u00e9ponse. Je re\u00e7ois les adultes et les couples en psy\u00adcho\u00adth\u00e9\u00adra\u00adpie \u00e0 V\u00e9lizy proche Chaville. Je vous pro\u00adpose de vous accom\u00adpa\u00adgner pour tra\u00adver\u00adser vos dif\u00adfi\u00adcul\u00adt\u00e9s \u00e0 vivre, aimer et tra\u00advailler. Ce site est des\u00adti\u00adn\u00e9 \u00e0 vous pr\u00e9\u00adsen\u00adter mon acti\u00advi\u00adt\u00e9 de th\u00e9\u00adra\u00adpeute mais \u00e9ga\u00adle\u00adment \u00e0 \u2026 <a href=\"https:\/\/antoine-blouet-psychotherapie.fr\/\" class=\"more-link\">Continuer la lec\u00adture de <span class=\"screen-reader-text\">Accueil<\/span><\/a><\/p>\n","protected":false},"author":1,"featured_media":0,"parent":0,"menu_order":0,"comment_status":"closed","ping_status":"closed","template":"","meta":{"wp_typography_post_enhancements_disabled":false,"footnotes":""},"class_list":["post-2","page","type-page","status-publish","hentry"],"yoast_head":"<!-- This site is optimized with the Yoast SEO plugin v27.4 - https:\/\/yoast.com\/product\/yoast-seo-wordpress\/ -->\n<title>Psychoth\u00e9rapie \u00e0 V\u00e9lizy et Chaville - Antoine Blouet<\/title>\n<meta name=\"description\" content=\"Je re\u00e7ois les adultes et les couples en psychoth\u00e9rapie \u00e0 V\u00e9lizy (\u00e0 c\u00f4t\u00e9 de Chaville, Viroflay et Versailles).\" \/>\n<meta name=\"robots\" content=\"index, follow, max-snippet:-1, max-image-preview:large, max-video-preview:-1\" \/>\n<link rel=\"canonical\" href=\"https:\/\/antoine-blouet-psychotherapie.fr\/\" \/>\n<meta property=\"og:locale\" content=\"fr_FR\" \/>\n<meta property=\"og:type\" content=\"article\" \/>\n<meta property=\"og:title\" content=\"Psychoth\u00e9rapie \u00e0 V\u00e9lizy et Chaville - Antoine Blouet\" \/>\n<meta property=\"og:description\" content=\"Je re\u00e7ois les adultes et les couples en psychoth\u00e9rapie \u00e0 V\u00e9lizy (\u00e0 c\u00f4t\u00e9 de Chaville, Viroflay et Versailles).\" \/>\n<meta property=\"og:url\" content=\"https:\/\/antoine-blouet-psychotherapie.fr\/\" \/>\n<meta property=\"og:site_name\" content=\"Antoine Blouet Psychoth\u00e9rapie\" \/>\n<meta property=\"article:modified_time\" content=\"2025-09-04T13:25:30+00:00\" \/>\n<meta property=\"og:image\" content=\"https:\/\/antoine-blouet-psychotherapie.fr\/wp-content\/uploads\/2017\/09\/Psychotherapeute-velizy-versailles-chaville-viroflay-e1507648589508.jpg\" \/>\n\t<meta property=\"og:image:width\" content=\"650\" \/>\n\t<meta property=\"og:image:height\" content=\"488\" \/>\n\t<meta property=\"og:image:type\" content=\"image\/jpeg\" \/>\n<meta name=\"twitter:card\" content=\"summary_large_image\" \/>\n<meta name=\"twitter:label1\" content=\"Dur\u00e9e de lecture estim\u00e9e\" \/>\n\t<meta name=\"twitter:data1\" content=\"5 minutes\" \/>\n<script type=\"application\/ld+json\" class=\"yoast-schema-graph\">{\"@context\":\"https:\\\/\\\/schema.org\",\"@graph\":[{\"@type\":\"WebPage\",\"@id\":\"https:\\\/\\\/antoine-blouet-psychotherapie.fr\\\/\",\"url\":\"https:\\\/\\\/antoine-blouet-psychotherapie.fr\\\/\",\"name\":\"Psychoth\u00e9rapie \u00e0 V\u00e9lizy et Chaville - Antoine Blouet\",\"isPartOf\":{\"@id\":\"https:\\\/\\\/antoine-blouet-psychotherapie.fr\\\/#website\"},\"primaryImageOfPage\":{\"@id\":\"https:\\\/\\\/antoine-blouet-psychotherapie.fr\\\/#primaryimage\"},\"image\":{\"@id\":\"https:\\\/\\\/antoine-blouet-psychotherapie.fr\\\/#primaryimage\"},\"thumbnailUrl\":\"https:\\\/\\\/antoine-blouet-psychotherapie.fr\\\/wp-content\\\/uploads\\\/2017\\\/09\\\/Psychotherapeute-velizy-versailles-chaville-viroflay-300x225.jpg\",\"datePublished\":\"2016-05-10T03:48:21+00:00\",\"dateModified\":\"2025-09-04T13:25:30+00:00\",\"description\":\"Je re\u00e7ois les adultes et les couples en psychoth\u00e9rapie \u00e0 V\u00e9lizy (\u00e0 c\u00f4t\u00e9 de Chaville, Viroflay et Versailles).\",\"breadcrumb\":{\"@id\":\"https:\\\/\\\/antoine-blouet-psychotherapie.fr\\\/#breadcrumb\"},\"inLanguage\":\"fr-FR\",\"potentialAction\":[{\"@type\":\"ReadAction\",\"target\":[\"https:\\\/\\\/antoine-blouet-psychotherapie.fr\\\/\"]}]},{\"@type\":\"ImageObject\",\"inLanguage\":\"fr-FR\",\"@id\":\"https:\\\/\\\/antoine-blouet-psychotherapie.fr\\\/#primaryimage\",\"url\":\"https:\\\/\\\/antoine-blouet-psychotherapie.fr\\\/wp-content\\\/uploads\\\/2017\\\/09\\\/Psychotherapeute-velizy-versailles-chaville-viroflay-e1507648589508.jpg\",\"contentUrl\":\"https:\\\/\\\/antoine-blouet-psychotherapie.fr\\\/wp-content\\\/uploads\\\/2017\\\/09\\\/Psychotherapeute-velizy-versailles-chaville-viroflay-e1507648589508.jpg\",\"width\":650,\"height\":488,\"caption\":\"Psychoth\u00e9rapie V\u00e9lizy Versailles Chaville Viroflay\"},{\"@type\":\"BreadcrumbList\",\"@id\":\"https:\\\/\\\/antoine-blouet-psychotherapie.fr\\\/#breadcrumb\",\"itemListElement\":[{\"@type\":\"ListItem\",\"position\":1,\"name\":\"Accueil\",\"item\":\"https:\\\/\\\/antoine-blouet-psychotherapie.fr\\\/\"},{\"@type\":\"ListItem\",\"position\":2,\"name\":\"Accueil\"}]},{\"@type\":\"WebSite\",\"@id\":\"https:\\\/\\\/antoine-blouet-psychotherapie.fr\\\/#website\",\"url\":\"https:\\\/\\\/antoine-blouet-psychotherapie.fr\\\/\",\"name\":\"Antoine Blouet Psychoth\u00e9rapie\",\"description\":\"Se faire accompagner, un pas vers le changement\",\"potentialAction\":[{\"@type\":\"SearchAction\",\"target\":{\"@type\":\"EntryPoint\",\"urlTemplate\":\"https:\\\/\\\/antoine-blouet-psychotherapie.fr\\\/?s={search_term_string}\"},\"query-input\":{\"@type\":\"PropertyValueSpecification\",\"valueRequired\":true,\"valueName\":\"search_term_string\"}}],\"inLanguage\":\"fr-FR\"}]}<\/script>\n<!-- \/ Yoast SEO plugin. -->","yoast_head_json":{"title":"Psychoth\u00e9rapie \u00e0 V\u00e9lizy et Chaville - Antoine Blouet","description":"Je re\u00e7ois les adultes et les couples en psychoth\u00e9rapie \u00e0 V\u00e9lizy (\u00e0 c\u00f4t\u00e9 de Chaville, Viroflay et Versailles).","robots":{"index":"index","follow":"follow","max-snippet":"max-snippet:-1","max-image-preview":"max-image-preview:large","max-video-preview":"max-video-preview:-1"},"canonical":"https:\/\/antoine-blouet-psychotherapie.fr\/","og_locale":"fr_FR","og_type":"article","og_title":"Psychoth\u00e9rapie \u00e0 V\u00e9lizy et Chaville - Antoine Blouet","og_description":"Je re\u00e7ois les adultes et les couples en psychoth\u00e9rapie \u00e0 V\u00e9lizy (\u00e0 c\u00f4t\u00e9 de Chaville, Viroflay et Versailles).","og_url":"https:\/\/antoine-blouet-psychotherapie.fr\/","og_site_name":"Antoine Blouet Psychoth\u00e9rapie","article_modified_time":"2025-09-04T13:25:30+00:00","og_image":[{"width":650,"height":488,"url":"https:\/\/antoine-blouet-psychotherapie.fr\/wp-content\/uploads\/2017\/09\/Psychotherapeute-velizy-versailles-chaville-viroflay-e1507648589508.jpg","type":"image\/jpeg"}],"twitter_card":"summary_large_image","twitter_misc":{"Dur\u00e9e de lecture estim\u00e9e":"5 minutes"},"schema":{"@context":"https:\/\/schema.org","@graph":[{"@type":"WebPage","@id":"https:\/\/antoine-blouet-psychotherapie.fr\/","url":"https:\/\/antoine-blouet-psychotherapie.fr\/","name":"Psychoth\u00e9rapie \u00e0 V\u00e9lizy et Chaville - Antoine Blouet","isPartOf":{"@id":"https:\/\/antoine-blouet-psychotherapie.fr\/#website"},"primaryImageOfPage":{"@id":"https:\/\/antoine-blouet-psychotherapie.fr\/#primaryimage"},"image":{"@id":"https:\/\/antoine-blouet-psychotherapie.fr\/#primaryimage"},"thumbnailUrl":"https:\/\/antoine-blouet-psychotherapie.fr\/wp-content\/uploads\/2017\/09\/Psychotherapeute-velizy-versailles-chaville-viroflay-300x225.jpg","datePublished":"2016-05-10T03:48:21+00:00","dateModified":"2025-09-04T13:25:30+00:00","description":"Je re\u00e7ois les adultes et les couples en psychoth\u00e9rapie \u00e0 V\u00e9lizy (\u00e0 c\u00f4t\u00e9 de Chaville, Viroflay et Versailles).","breadcrumb":{"@id":"https:\/\/antoine-blouet-psychotherapie.fr\/#breadcrumb"},"inLanguage":"fr-FR","potentialAction":[{"@type":"ReadAction","target":["https:\/\/antoine-blouet-psychotherapie.fr\/"]}]},{"@type":"ImageObject","inLanguage":"fr-FR","@id":"https:\/\/antoine-blouet-psychotherapie.fr\/#primaryimage","url":"https:\/\/antoine-blouet-psychotherapie.fr\/wp-content\/uploads\/2017\/09\/Psychotherapeute-velizy-versailles-chaville-viroflay-e1507648589508.jpg","contentUrl":"https:\/\/antoine-blouet-psychotherapie.fr\/wp-content\/uploads\/2017\/09\/Psychotherapeute-velizy-versailles-chaville-viroflay-e1507648589508.jpg","width":650,"height":488,"caption":"Psychoth\u00e9rapie V\u00e9lizy Versailles Chaville Viroflay"},{"@type":"BreadcrumbList","@id":"https:\/\/antoine-blouet-psychotherapie.fr\/#breadcrumb","itemListElement":[{"@type":"ListItem","position":1,"name":"Accueil","item":"https:\/\/antoine-blouet-psychotherapie.fr\/"},{"@type":"ListItem","position":2,"name":"Accueil"}]},{"@type":"WebSite","@id":"https:\/\/antoine-blouet-psychotherapie.fr\/#website","url":"https:\/\/antoine-blouet-psychotherapie.fr\/","name":"Antoine Blouet Psychoth\u00e9rapie","description":"Se faire accompagner, un pas vers le changement","potentialAction":[{"@type":"SearchAction","target":{"@type":"EntryPoint","urlTemplate":"https:\/\/antoine-blouet-psychotherapie.fr\/?s={search_term_string}"},"query-input":{"@type":"PropertyValueSpecification","valueRequired":true,"valueName":"search_term_string"}}],"inLanguage":"fr-FR"}]}},"_links":{"self":[{"href":"https:\/\/antoine-blouet-psychotherapie.fr\/index.php\/wp-json\/wp\/v2\/pages\/2","targetHints":{"allow":["GET"]}}],"collection":[{"href":"https:\/\/antoine-blouet-psychotherapie.fr\/index.php\/wp-json\/wp\/v2\/pages"}],"about":[{"href":"https:\/\/antoine-blouet-psychotherapie.fr\/index.php\/wp-json\/wp\/v2\/types\/page"}],"author":[{"embeddable":true,"href":"https:\/\/antoine-blouet-psychotherapie.fr\/index.php\/wp-json\/wp\/v2\/users\/1"}],"replies":[{"embeddable":true,"href":"https:\/\/antoine-blouet-psychotherapie.fr\/index.php\/wp-json\/wp\/v2\/comments?post=2"}],"version-history":[{"count":69,"href":"https:\/\/antoine-blouet-psychotherapie.fr\/index.php\/wp-json\/wp\/v2\/pages\/2\/revisions"}],"predecessor-version":[{"id":755,"href":"https:\/\/antoine-blouet-psychotherapie.fr\/index.php\/wp-json\/wp\/v2\/pages\/2\/revisions\/755"}],"wp:attachment":[{"href":"https:\/\/antoine-blouet-psychotherapie.fr\/index.php\/wp-json\/wp\/v2\/media?parent=2"}],"curies":[{"name":"wp","href":"https:\/\/api.w.org\/{rel}","templated":true}]}}